{"id":1214,"date":"2020-05-13T11:09:01","date_gmt":"2020-05-13T11:09:01","guid":{"rendered":"http:\/\/www.kral-medical.ro\/?post_type=product&#038;p=1214"},"modified":"2021-05-14T06:14:28","modified_gmt":"2021-05-14T06:14:28","slug":"spy-phy","status":"publish","type":"product","link":"https:\/\/kral-medical.ro\/?product=spy-phy","title":{"rendered":"SPY-PHY"},"content":{"rendered":"<p><img decoding=\"async\" class=\"product_top_image\" src=\"http:\/\/www.kral-medical.ro\/wp-content\/uploads\/2021\/05\/spy-phy-banner.jpg\" \/><\/p>\n<div class=\"product_title_over_image\">SPY-PHI<\/div>\n<div class=\"product_subtitle_over_image\"><span style=\"color: #333333;\">Camer\u0103 extern\u0103 portabil\u0103<\/span><\/div>\n<div class=\"product-content\">\n<h2 style=\"display: block;\"><span style=\"color: #333333;\">Prezentare general\u0103<\/span><\/h2>\n<h4 style=\"display: block;\"><span style=\"color: #ff9900;\">Cea mai bun\u0103 calitate a imaginii<\/span><\/h4>\n<p><span class=\"VIiyi\" lang=\"ro\"><span class=\"JLqJ4b ChMk0b\" data-language-for-alternatives=\"ro\" data-language-to-translate-into=\"en\" data-phrase-index=\"0\">SPY-PHI este un sistem unic \u0219i versatil de imagistic\u0103, pentru chirurgie deschis\u0103, cu detec\u021bie de fluorescen\u021b\u0103 ICG, ce permite chirurgilor s\u0103 vizualizeze fluxul de s\u00e2nge \u00een vase \u0219i perfuzia \u021besutului aferent \u00een timpul procedurilor plastice, microchirurgicale, reconstructive \u0219i gastrointestinale.<\/span><\/span><\/p>\n<p>Designul s\u0103u compact \u0219i u\u0219or \u00eel face ideal pentru utilizare \u00een sala de opera\u021bie, precum \u0219i \u00een spa\u021bii mai mici, cum ar fi centrele chirurgicale ambulatorii.<\/p>\n<hr \/>\n<h2 style=\"display: block;\">Func\u021bii<\/h2>\n<ul class=\"product-ul\">\n<li class=\"heading\"><span style=\"color: #ff9900;\">Cea mai bun\u0103 calitate a imaginii<\/span><\/li>\n<li>Rezolu\u021bia de 1080p la 60 fps, conceput\u0103 pentru a oferi o reproducere realist\u0103 a culorilor, are ca rezultat o imagine clar\u0103, foarte detaliat\u0103<\/li>\n<li class=\"heading\"><span style=\"color: #ff9900;\">Moduri multiple de vizualizare<\/span><\/li>\n<li>Combin\u0103 informa\u021biile semnalului de fluorescen\u021b\u0103 cu imagini \u00een lumin\u0103 alb\u0103 \u00een timp real<\/li>\n<li class=\"heading\"><span style=\"color: #ff9900;\">Distan\u021b\u0103 de lucru flexibil\u0103 \u0219i c\u00e2mp larg de imagini <\/span><\/li>\n<li>SPY-PHI este conceput pentru a permite clinicienilor s\u0103 evalueze perfuzia utiliz\u00e2nd o gam\u0103 larg\u0103 de distan\u021be de vizualizare, permi\u021b\u00e2nd versatilitatea \u00een sala de opera\u021bie<\/li>\n<li class=\"heading\"><span style=\"color: #ff9900;\">C\u00e2mp uniform de iluminare \u0219i 100% imunitate la lumin\u0103 ambiental\u0103<\/span><\/li>\n<li>Permite operatorului s\u0103 lucreze fluid, f\u0103r\u0103 a \u00eentrerupe activit\u0103\u021bile din jurul mesei chirurgicale<\/li>\n<\/ul>\n<p>&nbsp;<\/p>\n<\/div>\n","protected":false},"excerpt":{"rendered":"<p>SPY-PHI Camer\u0103 extern\u0103 portabil\u0103 Prezentare general\u0103 Cea mai bun\u0103 calitate a imaginii SPY-PHI este un sistem unic \u0219i versatil de imagistic\u0103, pentru chirurgie deschis\u0103, cu detec\u021bie de fluorescen\u021b\u0103 ICG, ce permite chirurgilor s\u0103 vizualizeze fluxul de s\u00e2nge \u00een vase \u0219i perfuzia \u021besutului aferent \u00een timpul procedurilor plastice, microchirurgicale, reconstructive \u0219i gastrointestinale. Designul s\u0103u compact \u0219i &#8230; <a title=\"SPY-PHY\" class=\"read-more\" href=\"https:\/\/kral-medical.ro\/?product=spy-phy\" aria-label=\"Cite\u0219te mai multe despre SPY-PHY\">Cite\u0219te mai mult<\/a><\/p>\n","protected":false},"featured_media":1674,"template":"","meta":[],"pwb-brand":[78],"product_brand":[],"product_cat":[67,177,129],"product_tag":[],"class_list":{"0":"post-1214","1":"product","2":"type-product","3":"status-publish","4":"has-post-thumbnail","6":"pwb-brand-stryker","7":"product_cat-chirurgie-bariatrica","8":"product_cat-fluorescenta","9":"product_cat-vizualizare-perfuzie-tisulara","11":"first","12":"instock","13":"shipping-taxable","14":"product-type-simple"},"brands":[{"id":78,"name":"Stryker","slug":"stryker"}],"_links":{"self":[{"href":"https:\/\/kral-medical.ro\/index.php?rest_route=\/wp\/v2\/product\/1214","targetHints":{"allow":["GET"]}}],"collection":[{"href":"https:\/\/kral-medical.ro\/index.php?rest_route=\/wp\/v2\/product"}],"about":[{"href":"https:\/\/kral-medical.ro\/index.php?rest_route=\/wp\/v2\/types\/product"}],"version-history":[{"count":1,"href":"https:\/\/kral-medical.ro\/index.php?rest_route=\/wp\/v2\/product\/1214\/revisions"}],"predecessor-version":[{"id":11190,"href":"https:\/\/kral-medical.ro\/index.php?rest_route=\/wp\/v2\/product\/1214\/revisions\/11190"}],"wp:featuredmedia":[{"embeddable":true,"href":"https:\/\/kral-medical.ro\/index.php?rest_route=\/wp\/v2\/media\/1674"}],"wp:attachment":[{"href":"https:\/\/kral-medical.ro\/index.php?rest_route=%2Fwp%2Fv2%2Fmedia&parent=1214"}],"wp:term":[{"taxonomy":"pwb-brand","embeddable":true,"href":"https:\/\/kral-medical.ro\/index.php?rest_route=%2Fwp%2Fv2%2Fpwb-brand&post=1214"},{"taxonomy":"product_brand","embeddable":true,"href":"https:\/\/kral-medical.ro\/index.php?rest_route=%2Fwp%2Fv2%2Fproduct_brand&post=1214"},{"taxonomy":"product_cat","embeddable":true,"href":"https:\/\/kral-medical.ro\/index.php?rest_route=%2Fwp%2Fv2%2Fproduct_cat&post=1214"},{"taxonomy":"product_tag","embeddable":true,"href":"https:\/\/kral-medical.ro\/index.php?rest_route=%2Fwp%2Fv2%2Fproduct_tag&post=1214"}],"curies":[{"name":"wp","href":"https:\/\/api.w.org\/{rel}","templated":true}]}}