{"id":1217,"date":"2020-05-13T12:11:47","date_gmt":"2020-05-13T12:11:47","guid":{"rendered":"http:\/\/www.kral-medical.ro\/?post_type=product&#038;p=1217"},"modified":"2021-05-18T07:24:19","modified_gmt":"2021-05-18T07:24:19","slug":"nav3","status":"publish","type":"product","link":"https:\/\/kral-medical.ro\/?product=nav3","title":{"rendered":"NAV3"},"content":{"rendered":"<p><img decoding=\"async\" class=\"product_top_image\" src=\"http:\/\/www.kral-medical.ro\/wp-content\/uploads\/2021\/05\/Nav-3-navigatie.jpg\" \/><\/p>\n<div class=\"product_title_over_image\">NAV3<\/div>\n<div class=\"product_subtitle_over_image\"><span style=\"color: #333333;\">Platform\u0103 de naviga\u021bie chirugical\u0103<\/span><\/div>\n<div class=\"product-content\">\n<h2 style=\"display: block;\"><span style=\"color: #333333;\">Prezentare general\u0103<\/span><\/h2>\n<h4 style=\"display: block;\"><span style=\"color: #ff9900;\">Acurate\u021be \u0219i control de neegalat<\/span><\/h4>\n<p><span class=\"VIiyi\" lang=\"ro\"><span class=\"JLqJ4b ChMk0b\" data-language-for-alternatives=\"ro\" data-language-to-translate-into=\"en\" data-phrase-index=\"0\">NAV3 este urm\u0103toarea genera\u021bie de platforme de naviga\u021bie chirurgical\u0103 de la Stryker. Cu designul \u0219i amprenta sa elegant\u0103, aceast\u0103 unitate mobil\u0103 este complet echipat\u0103 pentru a aduce experien\u021ba de naviga\u021bie suprem\u0103, \u00een timp ce se integreaz\u0103 perfect \u00een sala de opera\u021bie. NAV3 ofer\u0103 vizualizare \u00eembun\u0103t\u0103\u021bit\u0103 \u0219i revolu\u021bioneaz\u0103 experien\u021ba utilizatorului, oferind \u00een acela\u0219i timp acurate\u021bea pentru care este cunoscut\u0103 compania Stryker.<\/span><\/span><\/p>\n<p>Tehnologia de urm\u0103rire patentat\u0103 a companiei Stryker a produs cea mai precis\u0103 camer\u0103 de naviga\u021bie optic\u0103 de pe pia\u021b\u0103. Atunci c\u00e2nd acea precizie de v\u00e2rf din industrie este combinat\u0103 cu instrumentele inteligente ale Stryker Navigation, rezultatul este controlul absolut, \u00een care chirurgul este capabil s\u0103 controleze complet software-ul din c\u00e2mpul steril.<\/p>\n<hr \/>\n<h2 style=\"display: block;\">Func\u021bii<\/h2>\n<ul class=\"product-ul\">\n<li class=\"heading\"><span style=\"color: #ff9900;\">Func\u021bii \u0219i beneficii<\/span><\/li>\n<li>Camera de navigare patentat\u0103 Stryker, cu tehnologie activ\u0103<\/li>\n<li>Monitor pentru chirurg Full HD de 24&#8243;<\/li>\n<li>Interfa\u021b\u0103 touchpad Full HD cu cititor RFID<\/li>\n<li>PC industrial Stryker cu procesor Intel\u00ae Core\u2122 i5<\/li>\n<li>Bra\u021b de camer\u0103 elegant \u0219i manevrabil<\/li>\n<li>Interfa\u021b\u0103 computer pentru video (BNC, S-Video), Conexiuni USB \u0219i LAN<\/li>\n<li>Design portabil \u0219i mobil &#8211; aproximativ 100 lbs.<\/li>\n<li>Amprent\u0103 mic\u0103 &#8211; 26,0 &#8222;x 25,6&#8221;<\/li>\n<\/ul>\n<p>&nbsp;<\/p>\n<\/div>\n","protected":false},"excerpt":{"rendered":"<p>NAV3 Platform\u0103 de naviga\u021bie chirugical\u0103 Prezentare general\u0103 Acurate\u021be \u0219i control de neegalat NAV3 este urm\u0103toarea genera\u021bie de platforme de naviga\u021bie chirurgical\u0103 de la Stryker. Cu designul \u0219i amprenta sa elegant\u0103, aceast\u0103 unitate mobil\u0103 este complet echipat\u0103 pentru a aduce experien\u021ba de naviga\u021bie suprem\u0103, \u00een timp ce se integreaz\u0103 perfect \u00een sala de opera\u021bie. NAV3 ofer\u0103 &#8230; <a title=\"NAV3\" class=\"read-more\" href=\"https:\/\/kral-medical.ro\/?product=nav3\" aria-label=\"Cite\u0219te mai multe despre NAV3\">Cite\u0219te mai mult<\/a><\/p>\n","protected":false},"featured_media":1218,"template":"","meta":[],"pwb-brand":[78],"product_brand":[],"product_cat":[89,121,74,77],"product_tag":[],"class_list":{"0":"post-1217","1":"product","2":"type-product","3":"status-publish","4":"has-post-thumbnail","6":"pwb-brand-stryker","7":"product_cat-neurochirurgie","8":"product_cat-statie-de-neuronavigatie-neurochirurgie","9":"product_cat-orl-si-oftalmologie","10":"product_cat-sistem-de-navigatie","12":"first","13":"instock","14":"shipping-taxable","15":"product-type-simple"},"brands":[{"id":78,"name":"Stryker","slug":"stryker"}],"_links":{"self":[{"href":"https:\/\/kral-medical.ro\/index.php?rest_route=\/wp\/v2\/product\/1217","targetHints":{"allow":["GET"]}}],"collection":[{"href":"https:\/\/kral-medical.ro\/index.php?rest_route=\/wp\/v2\/product"}],"about":[{"href":"https:\/\/kral-medical.ro\/index.php?rest_route=\/wp\/v2\/types\/product"}],"version-history":[{"count":0,"href":"https:\/\/kral-medical.ro\/index.php?rest_route=\/wp\/v2\/product\/1217\/revisions"}],"wp:featuredmedia":[{"embeddable":true,"href":"https:\/\/kral-medical.ro\/index.php?rest_route=\/wp\/v2\/media\/1218"}],"wp:attachment":[{"href":"https:\/\/kral-medical.ro\/index.php?rest_route=%2Fwp%2Fv2%2Fmedia&parent=1217"}],"wp:term":[{"taxonomy":"pwb-brand","embeddable":true,"href":"https:\/\/kral-medical.ro\/index.php?rest_route=%2Fwp%2Fv2%2Fpwb-brand&post=1217"},{"taxonomy":"product_brand","embeddable":true,"href":"https:\/\/kral-medical.ro\/index.php?rest_route=%2Fwp%2Fv2%2Fproduct_brand&post=1217"},{"taxonomy":"product_cat","embeddable":true,"href":"https:\/\/kral-medical.ro\/index.php?rest_route=%2Fwp%2Fv2%2Fproduct_cat&post=1217"},{"taxonomy":"product_tag","embeddable":true,"href":"https:\/\/kral-medical.ro\/index.php?rest_route=%2Fwp%2Fv2%2Fproduct_tag&post=1217"}],"curies":[{"name":"wp","href":"https:\/\/api.w.org\/{rel}","templated":true}]}}