{"id":1242,"date":"2020-05-15T09:33:36","date_gmt":"2020-05-15T09:33:36","guid":{"rendered":"http:\/\/www.kral-medical.ro\/?post_type=product&#038;p=1242"},"modified":"2020-08-05T11:34:28","modified_gmt":"2020-08-05T11:34:28","slug":"ziehm-vision-rfd-3d","status":"publish","type":"product","link":"https:\/\/kral-medical.ro\/?product=ziehm-vision-rfd-3d","title":{"rendered":"Ziehm Vision RFD 3D"},"content":{"rendered":"<p><img decoding=\"async\" class=\"product_top_image\" src=\"http:\/\/www.kral-medical.ro\/wp-content\/uploads\/2020\/08\/Zhiem_Vision_RFD_3D_02.png\" \/><\/p>\n<div class=\"product_title_over_image\"><span style=\"color: #333333;\">Ziehm Vision RFD 3D<\/span><\/div>\n<div class=\"product_subtitle_over_image\"><span style=\"color: #333333;\">C-Arm cu detector cu ecran plat<\/span><\/div>\n<div class=\"product-content\">\n<h2 style=\"display: block;\"><span style=\"color: #333333;\">Prezentare general\u0103<\/span><\/h2>\n<h4 style=\"display: block;\"><span style=\"color: #ff9900;\">Ziehm Vision RFD 3D &#8211; Sistem revolu\u021bionar \u00een imagistica 3D\u00a0<\/span><\/h4>\n<p>Acest bra\u021b C 3D mobil de ultim\u0103 genera\u021bie ajut\u0103 la \u00eembun\u0103t\u0103\u021birea rezultatelor chirurgicale \u0219i a satisfac\u021biei pacien\u021bilor, optimiz\u00e2nd \u00een acela\u0219i timp costurile.<\/p>\n<p>Baz\u00e2ndu-se pe mai mult de un deceniu de experien\u021b\u0103 \u00een imagistica 3D, Ziehm Vision RFD 3D ofer\u0103 tehnologie CMOS de ultim\u0103 genera\u021bie, \u00eembin\u00e2nd func\u021bionalit\u0103\u021bi 2D \u0219i 3D pentru un control intraoperator mai mare, reduc\u00e2nd necesitatea scan\u0103rilor CT postoperatorii \u0219i interven\u021biilor chirurgicale corective costisitoare.<\/p>\n<p>Acest bra\u021b C mobil este astfel ideal pentru interven\u021bii ortopedice, traumatice \u0219i ale coloanei vertebrale de \u00eenalt\u0103 calitate, precum \u0219i pentru proceduri maxilofaciale \u0219i cohleare extrem de specializate.<\/p>\n<p>Sistemul Ziehm Vision RFD 3D este acum disponibil \u00een edi\u021bia premium CMOSline1,2. Toate sistemele CMOSline sunt dotate cu un detector CMOS Ziehm Imaging \u0219i tehnologia inovatoare de reducere a dozei Beam Filtration3. Aceast\u0103 combina\u021bie permite o calitate excelent\u0103 a imaginii cu o doz\u0103 mai mic\u0103.<\/p>\n<hr \/>\n<h2 style=\"display: block;\">Func\u021bii<\/h2>\n<ul class=\"product-ul\">\n<li class=\"heading\"><span style=\"color: #ff9900;\">Imagini 3D de calitate<\/span><\/li>\n<li>Ofer\u0103 calitatea imaginilor CT cu ajutorul tehnologiei de ultim\u0103 or\u0103 a ecranului plat<\/li>\n<li>Volume diferite pentru rezolu\u021bia ideal\u0103 cu 320\u00b3 voxel sau 512\u00b3\u00a0 voxel (CMOS)<\/li>\n<li>Tehnologie patentat\u0103 SmartScan pentru informa\u021bii 3D complete<\/li>\n<li class=\"heading\"><span style=\"color: #ff9900;\">Capacit\u0103\u021bi imagistice extinse<\/span><\/li>\n<li>Excelen\u021b\u0103 2D cu tehnologie 3D avansat\u0103, care ofer\u0103 capacit\u0103\u021bi multidisciplinare de \u00eenalt\u0103 performan\u021b\u0103<\/li>\n<li>R\u0103cire activ\u0103 avansat\u0103 pentru o temperatur\u0103 optim\u0103 a generatorului<\/li>\n<li>Generator monobloc pulsat cu o putere de performan\u021b\u0103 de 25 kW<\/li>\n<li class=\"heading\"><span style=\"color: #ff9900;\">Rezultatate de calitate<\/span><\/li>\n<li>Control complet al celor 4 axe motorizate prin intermediul Centrului de control al pozi\u021biei (modul joystick) \u0219i ecran tactil<\/li>\n<li>Interfa\u021b\u0103 deschis\u0103 Ziehm NaviPort pentru navigare 3D ghidat\u0103 prin imagini \u0219i ghidare robotizat\u0103 a echipamentelor de pe capul chirurgului<\/li>\n<li class=\"heading\"><span style=\"color: #ff9900;\">Ajustarea dozei<\/span><\/li>\n<li>Reduce\u021bi expunerea \u00een mod semnificativ cu ajutorul set\u0103rilor dozei de referin\u021b\u0103 \u0219i a optimiz\u0103rii hardware<\/li>\n<li>Func\u021bii dedicate pentru a reduce semnificativ expunerea \u00een chirurgia pediatric\u0103<\/li>\n<li>Filtrarea fasciculului pentru reducerea dozei de intrare \u00een piele, f\u0103r\u0103 a compromite calitatea imaginii, pentru toate sistemele CMOSline<\/li>\n<\/ul>\n<\/div>\n","protected":false},"excerpt":{"rendered":"<p>Ziehm Vision RFD 3D C-Arm cu detector cu ecran plat Prezentare general\u0103 Ziehm Vision RFD 3D &#8211; Sistem revolu\u021bionar \u00een imagistica 3D\u00a0 Acest bra\u021b C 3D mobil de ultim\u0103 genera\u021bie ajut\u0103 la \u00eembun\u0103t\u0103\u021birea rezultatelor chirurgicale \u0219i a satisfac\u021biei pacien\u021bilor, optimiz\u00e2nd \u00een acela\u0219i timp costurile. Baz\u00e2ndu-se pe mai mult de un deceniu de experien\u021b\u0103 \u00een imagistica &#8230; <a title=\"Ziehm Vision RFD 3D\" class=\"read-more\" href=\"https:\/\/kral-medical.ro\/?product=ziehm-vision-rfd-3d\" aria-label=\"Cite\u0219te mai multe despre Ziehm Vision RFD 3D\">Cite\u0219te mai mult<\/a><\/p>\n","protected":false},"featured_media":1288,"template":"","meta":[],"pwb-brand":[101],"product_brand":[],"product_cat":[99,139,150,153,138,152,155,88,23],"product_tag":[104,103,102],"class_list":{"0":"post-1242","1":"product","2":"type-product","3":"status-publish","4":"has-post-thumbnail","6":"pwb-brand-ziehm-imaging","7":"product_cat-c-arm-ortopedie","8":"product_cat-c-arm-3d","9":"product_cat-c-arm-3d-c-arm-ortopedie","10":"product_cat-c-arm-3d-aparate-de-radiologie-cu-brat-c-hybrid","11":"product_cat-c-arm-detector-cu-ecran-plat","12":"product_cat-detector-cu-ecran-plat","13":"product_cat-detector-cu-ecran-plat-aparate-de-radiologie-cu-brat-c-hybrid","14":"product_cat-ortopedie","15":"product_cat-produse","16":"product_tag-aparat-mobil-radiologie","17":"product_tag-brat-c","18":"product_tag-radiologie","20":"first","21":"instock","22":"shipping-taxable","23":"product-type-simple"},"brands":[{"id":101,"name":"Ziehm Imaging","slug":"ziehm-imaging"}],"_links":{"self":[{"href":"https:\/\/kral-medical.ro\/index.php?rest_route=\/wp\/v2\/product\/1242","targetHints":{"allow":["GET"]}}],"collection":[{"href":"https:\/\/kral-medical.ro\/index.php?rest_route=\/wp\/v2\/product"}],"about":[{"href":"https:\/\/kral-medical.ro\/index.php?rest_route=\/wp\/v2\/types\/product"}],"version-history":[{"count":1,"href":"https:\/\/kral-medical.ro\/index.php?rest_route=\/wp\/v2\/product\/1242\/revisions"}],"predecessor-version":[{"id":1870,"href":"https:\/\/kral-medical.ro\/index.php?rest_route=\/wp\/v2\/product\/1242\/revisions\/1870"}],"wp:featuredmedia":[{"embeddable":true,"href":"https:\/\/kral-medical.ro\/index.php?rest_route=\/wp\/v2\/media\/1288"}],"wp:attachment":[{"href":"https:\/\/kral-medical.ro\/index.php?rest_route=%2Fwp%2Fv2%2Fmedia&parent=1242"}],"wp:term":[{"taxonomy":"pwb-brand","embeddable":true,"href":"https:\/\/kral-medical.ro\/index.php?rest_route=%2Fwp%2Fv2%2Fpwb-brand&post=1242"},{"taxonomy":"product_brand","embeddable":true,"href":"https:\/\/kral-medical.ro\/index.php?rest_route=%2Fwp%2Fv2%2Fproduct_brand&post=1242"},{"taxonomy":"product_cat","embeddable":true,"href":"https:\/\/kral-medical.ro\/index.php?rest_route=%2Fwp%2Fv2%2Fproduct_cat&post=1242"},{"taxonomy":"product_tag","embeddable":true,"href":"https:\/\/kral-medical.ro\/index.php?rest_route=%2Fwp%2Fv2%2Fproduct_tag&post=1242"}],"curies":[{"name":"wp","href":"https:\/\/api.w.org\/{rel}","templated":true}]}}