{"id":1249,"date":"2020-05-15T10:09:17","date_gmt":"2020-05-15T10:09:17","guid":{"rendered":"http:\/\/www.kral-medical.ro\/?post_type=product&#038;p=1249"},"modified":"2021-05-11T13:47:07","modified_gmt":"2021-05-11T13:47:07","slug":"motoare","status":"publish","type":"product","link":"https:\/\/kral-medical.ro\/?product=motoare","title":{"rendered":"System 8"},"content":{"rendered":"<p><img decoding=\"async\" class=\"product_top_image\" src=\"http:\/\/www.kral-medical.ro\/wp-content\/uploads\/2021\/05\/System-8.jpg\" \/><\/p>\n<div class=\"product_title_over_image\">System 8<\/div>\n<div class=\"product_subtitle_over_image\"><span style=\"color: #333333;\">Motoare pentru oase mici, medii \u0219i mari<\/span><\/div>\n<div class=\"product-content\">\n<h2 style=\"display: block;\"><span style=\"color: #333333;\">Prezentare general\u0103<\/span><\/h2>\n<h4 style=\"display: block;\"><span style=\"color: #ff9900;\">Instrumente chirugicale de \u00eencredere<\/span><\/h4>\n<p><span class=\"VIiyi\" lang=\"ro\"><span class=\"JLqJ4b ChMk0b\" data-language-for-alternatives=\"ro\" data-language-to-translate-into=\"en\" data-phrase-index=\"0\">Gama de motoare electrice System 8 a fost dezvoltat\u0103 prin colaborarea str\u00e2ns\u0103 cu chirurgii ortopedici precum \u0219i cu personalul medical, pentru a oferi solu\u021bii la provoc\u0103rile complexe cu care ace\u0219tia se confrunt\u0103.<\/span><\/span><\/p>\n<hr \/>\n<h2 style=\"display: block;\">Func\u021bii<\/h2>\n<ul class=\"product-ul\">\n<li class=\"heading\"><span style=\"color: #ff9900;\">Ergonomie \u00eembun\u0103t\u0103\u021bit\u0103<\/span><\/li>\n<li>Ofer\u0103 chirurgilor o pozi\u021bie mai bun\u0103 \u0219i neutr\u0103 a \u00eencheieturii m\u00e2inii, zonele texturate oferind o aderen\u021b\u0103 mai ferm\u0103<\/li>\n<li class=\"heading\"><span style=\"color: #ff9900;\">Siguran\u021b\u0103 \u00een operare<\/span><\/li>\n<li>O mandrin\u0103 de g\u0103urit f\u0103r\u0103 cheie, cu fixare rapid\u0103 \u0219i eficient\u0103, previne sl\u0103birea printr-un mecanism de blocare secundar, iar materialul avansat \u0219i carcasa fixat\u0103 cu \u0219tifturi \u00eempiedic\u0103 lipirea \u0219i alunecarea<\/li>\n<li class=\"heading\"><span style=\"color: #ff9900;\">Rezisten\u021b\u0103 la ap\u0103<\/span><\/li>\n<li>Piesele de m\u00e2n\u0103 sunt construite pentru a fi sp\u0103late activ &#8211; permit scufundarea temporar\u0103 atunci c\u00e2nd trebuie s\u0103 face\u021bi acest lucru \u00een timpul cur\u0103\u021b\u0103rii, \u00eenainte de sterilizare<\/li>\n<li class=\"heading\"><span style=\"color: #ff9900;\">Putere constant\u0103<\/span><\/li>\n<li>Celulele de mare capacitate ofer\u0103 performan\u021be \u00eembun\u0103t\u0103\u021bite pentru a v\u0103 asista \u0219i \u00een cele mai dificile cazuri. \u00cen plus, bateriile mari func\u021bioneaz\u0103 de 2 ori mai mult pe parcursul duratei lor de via\u021b\u0103, f\u0103r\u0103 a fi nevoie de \u00eenlocuire.<\/li>\n<li class=\"heading\"><span style=\"color: #ff9900;\">Solu\u021bii dedicate<\/span><\/li>\n<li><strong>System 8 Cordless Driver<\/strong> &#8211; O evolu\u021bie a motoarelor f\u0103r\u0103 fir v\u0103 ofer\u0103 \u00eencrederea de care ave\u021bi nevoie pentru a g\u0103uri, t\u0103ia \u0219i aleza. \u00cen plus, tehnologia exclusiv\u0103 PoweReam v\u0103 ofer\u0103 o cre\u0219tere semnificativ\u0103 a cuplului (\u00een compara\u021bie cu accesoriile standard de alezare), pentru abordarea procedurilor dificile de alezare.<\/li>\n<li><strong>System 8 SABO Sagittal Saw<\/strong> &#8211; Fer\u0103str\u0103ul u\u0219or System 8 SABO Sagittal Sawis conceput pentru a oferi vitez\u0103 de t\u0103iere optimizat\u0103, control \u0219i precizie \u00een fiecare caz.<\/li>\n<li><strong>Stryker Precision Saw<\/strong> &#8211; Fier\u0103str\u0103u oscilant care reduce zgomotul \u0219i vibra\u021biile, \u00eembun\u0103t\u0103\u021bind controlul piesei de m\u00e2n\u0103 pentru o experien\u021b\u0103 chirurgical\u0103 mai precis\u0103 comparativ cu fer\u0103str\u0103ul Sagittal standard<\/li>\n<\/ul>\n<p>&nbsp;<\/p>\n<\/div>\n","protected":false},"excerpt":{"rendered":"<p>System 8 Motoare pentru oase mici, medii \u0219i mari Prezentare general\u0103 Instrumente chirugicale de \u00eencredere Gama de motoare electrice System 8 a fost dezvoltat\u0103 prin colaborarea str\u00e2ns\u0103 cu chirurgii ortopedici precum \u0219i cu personalul medical, pentru a oferi solu\u021bii la provoc\u0103rile complexe cu care ace\u0219tia se confrunt\u0103. Func\u021bii Ergonomie \u00eembun\u0103t\u0103\u021bit\u0103 Ofer\u0103 chirurgilor o pozi\u021bie mai &#8230; <a title=\"System 8\" class=\"read-more\" href=\"https:\/\/kral-medical.ro\/?product=motoare\" aria-label=\"Cite\u0219te mai multe despre System 8\">Cite\u0219te mai mult<\/a><\/p>\n","protected":false},"featured_media":1310,"template":"","meta":[],"pwb-brand":[78],"product_brand":[],"product_cat":[108,88],"product_tag":[],"class_list":{"0":"post-1249","1":"product","2":"type-product","3":"status-publish","4":"has-post-thumbnail","6":"pwb-brand-stryker","7":"product_cat-motoare-ortopedice","8":"product_cat-ortopedie","10":"first","11":"instock","12":"shipping-taxable","13":"product-type-simple"},"brands":[{"id":78,"name":"Stryker","slug":"stryker"}],"_links":{"self":[{"href":"https:\/\/kral-medical.ro\/index.php?rest_route=\/wp\/v2\/product\/1249","targetHints":{"allow":["GET"]}}],"collection":[{"href":"https:\/\/kral-medical.ro\/index.php?rest_route=\/wp\/v2\/product"}],"about":[{"href":"https:\/\/kral-medical.ro\/index.php?rest_route=\/wp\/v2\/types\/product"}],"version-history":[{"count":1,"href":"https:\/\/kral-medical.ro\/index.php?rest_route=\/wp\/v2\/product\/1249\/revisions"}],"predecessor-version":[{"id":11199,"href":"https:\/\/kral-medical.ro\/index.php?rest_route=\/wp\/v2\/product\/1249\/revisions\/11199"}],"wp:featuredmedia":[{"embeddable":true,"href":"https:\/\/kral-medical.ro\/index.php?rest_route=\/wp\/v2\/media\/1310"}],"wp:attachment":[{"href":"https:\/\/kral-medical.ro\/index.php?rest_route=%2Fwp%2Fv2%2Fmedia&parent=1249"}],"wp:term":[{"taxonomy":"pwb-brand","embeddable":true,"href":"https:\/\/kral-medical.ro\/index.php?rest_route=%2Fwp%2Fv2%2Fpwb-brand&post=1249"},{"taxonomy":"product_brand","embeddable":true,"href":"https:\/\/kral-medical.ro\/index.php?rest_route=%2Fwp%2Fv2%2Fproduct_brand&post=1249"},{"taxonomy":"product_cat","embeddable":true,"href":"https:\/\/kral-medical.ro\/index.php?rest_route=%2Fwp%2Fv2%2Fproduct_cat&post=1249"},{"taxonomy":"product_tag","embeddable":true,"href":"https:\/\/kral-medical.ro\/index.php?rest_route=%2Fwp%2Fv2%2Fproduct_tag&post=1249"}],"curies":[{"name":"wp","href":"https:\/\/api.w.org\/{rel}","templated":true}]}}