{"id":1254,"date":"2020-05-15T11:07:17","date_gmt":"2020-05-15T11:07:17","guid":{"rendered":"http:\/\/www.kral-medical.ro\/?post_type=product&#038;p=1254"},"modified":"2021-05-06T13:24:27","modified_gmt":"2021-05-06T13:24:27","slug":"cadru-sterotactic-rm-systems","status":"publish","type":"product","link":"https:\/\/kral-medical.ro\/?product=cadru-sterotactic-rm-systems","title":{"rendered":"Cadru Sterotactic RM"},"content":{"rendered":"<p><img decoding=\"async\" class=\"product_top_image\" src=\"http:\/\/www.kral-medical.ro\/wp-content\/uploads\/2021\/05\/cadru-stereotactic-RM.jpg\" \/><\/p>\n<div class=\"product_title_over_image\">Cadru stereotactic RM<\/div>\n<div class=\"product_subtitle_over_image\"><span style=\"color: #333333;\">Cel mai precis sistem stereotactic<br \/>\n<\/span><\/div>\n<div class=\"product-content\">\n<h2 style=\"display: block;\"><span style=\"color: #333333;\">Prezentare general\u0103<\/span><\/h2>\n<h4 style=\"display: block;\"><span style=\"color: #ff9900;\">Cadru stereotactic RM pentru o precizie de neegalat \u00een sala de opera\u021bie<br \/>\n<\/span><\/h4>\n<p>Sistemul Riechert Mundinger (RM) este singurul sistem stereotactic de pe pia\u021b\u0103 cu trei puncte de fixare. Acest lucru confer\u0103 dispozitivului un nivel foarte ridicat de stabilitate \u0219i precizie. RM este considerat a fi cel mai precis sistem stereotactic din lume \u0219i, prin designul s\u0103u unic, ofer\u0103 o acurate\u021be f\u0103r\u0103 compromisuri \u00een chirurgia stereotactic\u0103.<\/p>\n<hr \/>\n<h2 style=\"display: block;\">Func\u021bii<\/h2>\n<ul class=\"product-ul\">\n<li class=\"heading\"><span style=\"color: #ff9900;\">Precizie de neegalat<\/span><\/li>\n<li>Precizia ridicat\u0103 a sistemului RM de la inomed a fost dezvoltat\u0103 special pentru interven\u021bii stereotactice \u00een neurochirurgie func\u021bional\u0103.<br \/>\nSistemul stereotactic RM const\u0103 dintr-un inel stereotactic RM de baz\u0103 \u0219i un dispozitiv \u021bint\u0103 RM. Dispozitivul \u021bint\u0103 RM permite neurochirurgului s\u0103 ating\u0103 fiecare punct din creier cu precizie. Pentru a ob\u021bine rezultate optime, este necesar s\u0103 se ia \u00een considerare capul pacientului, pozi\u021bia \u021bintei \u0219i punctul de trepanare la montarea inelului. Diferite op\u021biuni de montare pot fi aplicate at\u00e2t pozitiv c\u00e2t \u0219i negativ. Metoda standard de montare este utilizat\u0103 pentru toate achizi\u021biile din regiunea frontal\u0103 \u0219i occipital\u0103 a craniului. Cu montarea negativ\u0103 a RM, se poate ajunge la fosa posterioar\u0103 \u0219i glanda pituitar\u0103.<\/li>\n<li class=\"heading\"><span style=\"color: #ff9900;\">Scal\u0103 Vernier pentru setarea precis\u0103<\/span><\/li>\n<li>Pentru a v\u0103 asigura c\u0103 set\u0103rile sunt c\u00e2t mai exacte posibil, scale Vernier sunt ata\u0219ate la scalele corespunz\u0103toare sistemului RM. Scala Vernier permite chirurgilor s\u0103 defineasc\u0103 unit\u0103\u021bi mici de m\u0103surare care nu mai pot fi citite pe scala principal\u0103. O linie de scal\u0103 Vernier corespunde cu 1\/10 dintr-un grad. \u00cen scala Vernier, 9\u00b0 sunt \u00eemp\u0103r\u021bite \u00een 10 sec\u021biuni egale. Folosind scala Vernier \u00een acest fel, valorile coordonatelor sistemului RM pot fi ajustate precis la puncte zecimale (1 -, 1 -, 3 etc.). Cifrele de dup\u0103 punctul zecimal sunt citite de pe linia de scal\u0103 Vernier.<\/li>\n<\/ul>\n<p>&nbsp;<\/p>\n<\/div>\n","protected":false},"excerpt":{"rendered":"<p>Cadru stereotactic RM Cel mai precis sistem stereotactic Prezentare general\u0103 Cadru stereotactic RM pentru o precizie de neegalat \u00een sala de opera\u021bie Sistemul Riechert Mundinger (RM) este singurul sistem stereotactic de pe pia\u021b\u0103 cu trei puncte de fixare. Acest lucru confer\u0103 dispozitivului un nivel foarte ridicat de stabilitate \u0219i precizie. RM este considerat a fi &#8230; <a title=\"Cadru Sterotactic RM\" class=\"read-more\" href=\"https:\/\/kral-medical.ro\/?product=cadru-sterotactic-rm-systems\" aria-label=\"Cite\u0219te mai multe despre Cadru Sterotactic RM\">Cite\u0219te mai mult<\/a><\/p>\n","protected":false},"featured_media":1304,"template":"","meta":[],"pwb-brand":[117],"product_brand":[],"product_cat":[89,112,23],"product_tag":[],"class_list":{"0":"post-1254","1":"product","2":"type-product","3":"status-publish","4":"has-post-thumbnail","6":"pwb-brand-inomed","7":"product_cat-neurochirurgie","8":"product_cat-stereotactic","9":"product_cat-produse","11":"first","12":"instock","13":"shipping-taxable","14":"product-type-simple"},"brands":[{"id":117,"name":"InoMed","slug":"inomed"}],"_links":{"self":[{"href":"https:\/\/kral-medical.ro\/index.php?rest_route=\/wp\/v2\/product\/1254","targetHints":{"allow":["GET"]}}],"collection":[{"href":"https:\/\/kral-medical.ro\/index.php?rest_route=\/wp\/v2\/product"}],"about":[{"href":"https:\/\/kral-medical.ro\/index.php?rest_route=\/wp\/v2\/types\/product"}],"version-history":[{"count":1,"href":"https:\/\/kral-medical.ro\/index.php?rest_route=\/wp\/v2\/product\/1254\/revisions"}],"predecessor-version":[{"id":11151,"href":"https:\/\/kral-medical.ro\/index.php?rest_route=\/wp\/v2\/product\/1254\/revisions\/11151"}],"wp:featuredmedia":[{"embeddable":true,"href":"https:\/\/kral-medical.ro\/index.php?rest_route=\/wp\/v2\/media\/1304"}],"wp:attachment":[{"href":"https:\/\/kral-medical.ro\/index.php?rest_route=%2Fwp%2Fv2%2Fmedia&parent=1254"}],"wp:term":[{"taxonomy":"pwb-brand","embeddable":true,"href":"https:\/\/kral-medical.ro\/index.php?rest_route=%2Fwp%2Fv2%2Fpwb-brand&post=1254"},{"taxonomy":"product_brand","embeddable":true,"href":"https:\/\/kral-medical.ro\/index.php?rest_route=%2Fwp%2Fv2%2Fproduct_brand&post=1254"},{"taxonomy":"product_cat","embeddable":true,"href":"https:\/\/kral-medical.ro\/index.php?rest_route=%2Fwp%2Fv2%2Fproduct_cat&post=1254"},{"taxonomy":"product_tag","embeddable":true,"href":"https:\/\/kral-medical.ro\/index.php?rest_route=%2Fwp%2Fv2%2Fproduct_tag&post=1254"}],"curies":[{"name":"wp","href":"https:\/\/api.w.org\/{rel}","templated":true}]}}