{"id":1255,"date":"2020-05-15T11:07:54","date_gmt":"2020-05-15T11:07:54","guid":{"rendered":"http:\/\/www.kral-medical.ro\/?post_type=product&#038;p=1255"},"modified":"2021-05-06T12:26:33","modified_gmt":"2021-05-06T12:26:33","slug":"cadru-sterotactic-zd-systems","status":"publish","type":"product","link":"https:\/\/kral-medical.ro\/?product=cadru-sterotactic-zd-systems","title":{"rendered":"Cadru Sterotactic ZD"},"content":{"rendered":"<p><img decoding=\"async\" class=\"product_top_image\" src=\"http:\/\/www.kral-medical.ro\/wp-content\/uploads\/2021\/05\/cadru-stereotactic-ZD.jpg\" \/><\/p>\n<div class=\"product_title_over_image\">Cadru stereotactic ZD<\/div>\n<div class=\"product_subtitle_over_image\"><span style=\"color: #333333;\">Sistem de stereotaxie pentru neurochirurgie \u0219i neuromodulare<br \/>\n<\/span><\/div>\n<div class=\"product-content\">\n<h2 style=\"display: block;\"><span style=\"color: #333333;\">Prezentare general\u0103<\/span><\/h2>\n<h4 style=\"display: block;\"><span style=\"color: #ff9900;\">Cadru stereotactic ZD pentru o precizie de neegalat \u00een sala de opera\u021bie<br \/>\n<\/span><\/h4>\n<p>Cadrul ZD inomed \u00ee\u0219i trage numele de la partenerii care l-au dezvoltat, prof. L. Zamorano \u0219i prof. M. Dujovny. Acest sistem de localizare ZD este cel mai des utilizat pentru aplica\u021bii de neurochirurgie \u0219i chirurgie de neuromodulare.<\/p>\n<p>Sistemul ZD este o combina\u021bie de neegalat a metodelor clasice de stereotaxie cu cerin\u021bele moderne ale microchirurgiei ghidate stereotactic. Procedurile includ endoscopie stereotactic\u0103, terapie cu laser \u0219i alte aplica\u021bii de ultim\u0103 genera\u021bie, inclusiv neuromodulare \u0219i biopsie stereotactic\u0103.<\/p>\n<hr \/>\n<h2 style=\"display: block;\">Func\u021bii<\/h2>\n<ul class=\"product-ul\">\n<li class=\"heading\"><span style=\"color: #ff9900;\">Un instrument important pentru neurochirurgia modern\u0103<\/span><\/li>\n<li>Designul cadrului ZD este intuitiv \u0219i u\u0219or de utilizat. Sistemul ZD este un instrument important pentru neurochirurgia modern\u0103, tehnicile de neurochirurgie minim invazive \u00eentreprinse folosind cadrul ZD oferind op\u021biuni de tratament prietenoase cu pacientul av\u00e2nd ca scop principal desf\u0103\u0219urarea \u00een siguran\u021b\u0103 a procedurilor neurochirugicale.<\/li>\n<li class=\"heading\"><span style=\"color: #ff9900;\">Acces aproape nelimitat la toate regiunile intracraniene<\/span><\/li>\n<li>Sistemul ZD se bazeaz\u0103 pe principiul centrului de arc, care permite accesul aproape nelimitat la toate regiunile intracraniene, cu o alegere liber\u0103 a punctului de trepanare. Chirurgul este capabil s\u0103 selecteze punctul de acces, oferind cea mai mare siguran\u021b\u0103 pacientului \u0219i asigur\u00e2ndu-se c\u0103 toate set\u0103rile pentru neuromodulare sunt configurate pe sistemul ZD la cel mai \u00eenalt nivel de precizie mecanic\u0103.<\/li>\n<li class=\"heading\"><span style=\"color: #ff9900;\">Compatibil cu toate procedurile de imagistic\u0103 <\/span><\/li>\n<li>Sistemul ZD este compatibil cu toate procedurile de imagistic\u0103 utilizate cu cerin\u021be de terapie avansat\u0103, inclusiv DBS. Unitatea inelului de cap ZD este fabricat\u0103 din titan \u0219i garanteaz\u0103 imagini CT \u0219i MR f\u0103r\u0103 artefacte. Inelul de cap este, de asemenea, transparent pentru razele X. Prin proiectare, natura modular\u0103 a sistemului ZD face posibil\u0103 preluarea rapid\u0103 \u0219i u\u0219oar\u0103, efectu\u00e2nd \u00een acela\u0219i timp cu precizie \u0219i siguran\u021b\u0103 o serie de proceduri stereotactice de diagnostic \u0219i terapie \u0219i neurochirurgicale. Acest lucru este valabil pentru procedurile DBS \u00een domeniul neuromodul\u0103rii \u0219i, de asemenea, pentru biopsia stereotactic\u0103, efectuat\u0103 pe creier.<\/li>\n<li class=\"heading\"><span style=\"color: #ff9900;\">Varietate de accesorii pentru neuromodulare<\/span><\/li>\n<li>Sistemul ZD poate fi utilizat \u00eempreun\u0103 cu toate inelele stereotactice de la inomed. Exist\u0103 o varietate de accesorii \u0219i instrumente disponibile pentru utilizarea cu sistemul ZD. Folosind sistemul de planificare inomed (iPS), interven\u021bia chirurgical\u0103 poate fi planificat\u0103 \u0219i mapat\u0103 pe cadrul ZD. Aceasta include toate etapele care duc la implantarea neuromodul\u0103rii (DBS).<\/li>\n<\/ul>\n<p>&nbsp;<\/p>\n<\/div>\n","protected":false},"excerpt":{"rendered":"<p>Cadru stereotactic ZD Sistem de stereotaxie pentru neurochirurgie \u0219i neuromodulare Prezentare general\u0103 Cadru stereotactic ZD pentru o precizie de neegalat \u00een sala de opera\u021bie Cadrul ZD inomed \u00ee\u0219i trage numele de la partenerii care l-au dezvoltat, prof. L. Zamorano \u0219i prof. M. Dujovny. Acest sistem de localizare ZD este cel mai des utilizat pentru aplica\u021bii &#8230; <a title=\"Cadru Sterotactic ZD\" class=\"read-more\" href=\"https:\/\/kral-medical.ro\/?product=cadru-sterotactic-zd-systems\" aria-label=\"Cite\u0219te mai multe despre Cadru Sterotactic ZD\">Cite\u0219te mai mult<\/a><\/p>\n","protected":false},"featured_media":1305,"template":"","meta":[],"pwb-brand":[117],"product_brand":[],"product_cat":[89,112],"product_tag":[],"class_list":{"0":"post-1255","1":"product","2":"type-product","3":"status-publish","4":"has-post-thumbnail","6":"pwb-brand-inomed","7":"product_cat-neurochirurgie","8":"product_cat-stereotactic","10":"first","11":"instock","12":"shipping-taxable","13":"product-type-simple"},"brands":[{"id":117,"name":"InoMed","slug":"inomed"}],"_links":{"self":[{"href":"https:\/\/kral-medical.ro\/index.php?rest_route=\/wp\/v2\/product\/1255","targetHints":{"allow":["GET"]}}],"collection":[{"href":"https:\/\/kral-medical.ro\/index.php?rest_route=\/wp\/v2\/product"}],"about":[{"href":"https:\/\/kral-medical.ro\/index.php?rest_route=\/wp\/v2\/types\/product"}],"version-history":[{"count":1,"href":"https:\/\/kral-medical.ro\/index.php?rest_route=\/wp\/v2\/product\/1255\/revisions"}],"predecessor-version":[{"id":11141,"href":"https:\/\/kral-medical.ro\/index.php?rest_route=\/wp\/v2\/product\/1255\/revisions\/11141"}],"wp:featuredmedia":[{"embeddable":true,"href":"https:\/\/kral-medical.ro\/index.php?rest_route=\/wp\/v2\/media\/1305"}],"wp:attachment":[{"href":"https:\/\/kral-medical.ro\/index.php?rest_route=%2Fwp%2Fv2%2Fmedia&parent=1255"}],"wp:term":[{"taxonomy":"pwb-brand","embeddable":true,"href":"https:\/\/kral-medical.ro\/index.php?rest_route=%2Fwp%2Fv2%2Fpwb-brand&post=1255"},{"taxonomy":"product_brand","embeddable":true,"href":"https:\/\/kral-medical.ro\/index.php?rest_route=%2Fwp%2Fv2%2Fproduct_brand&post=1255"},{"taxonomy":"product_cat","embeddable":true,"href":"https:\/\/kral-medical.ro\/index.php?rest_route=%2Fwp%2Fv2%2Fproduct_cat&post=1255"},{"taxonomy":"product_tag","embeddable":true,"href":"https:\/\/kral-medical.ro\/index.php?rest_route=%2Fwp%2Fv2%2Fproduct_tag&post=1255"}],"curies":[{"name":"wp","href":"https:\/\/api.w.org\/{rel}","templated":true}]}}