{"id":1259,"date":"2020-05-15T11:47:42","date_gmt":"2020-05-15T11:47:42","guid":{"rendered":"http:\/\/www.kral-medical.ro\/?post_type=product&#038;p=1259"},"modified":"2021-05-10T09:52:39","modified_gmt":"2021-05-10T09:52:39","slug":"sonopet","status":"publish","type":"product","link":"https:\/\/kral-medical.ro\/?product=sonopet","title":{"rendered":"Aspirator ultrasonic Sonopet iQ"},"content":{"rendered":"<p><img decoding=\"async\" class=\"product_top_image\" src=\"http:\/\/www.kral-medical.ro\/wp-content\/uploads\/2021\/05\/Sanopet-IQ-aspirator.jpg\" \/><\/p>\n<div class=\"product_title_over_image\">Sanopet IQ<\/div>\n<div class=\"product_subtitle_over_image\"><span style=\"color: #333333;\">Aspirator ultrasonic<\/span><\/div>\n<div class=\"product-content\">\n<h2 style=\"display: block;\"><span style=\"color: #333333;\">Prezentare general\u0103<\/span><\/h2>\n<h4 style=\"display: block;\"><span style=\"color: #ff9900;\">Rezec\u021bia \u021besuturilor moi \/ Disec\u021bia osoas\u0103 fin\u0103 \/ Sistem All-in-one <\/span><\/h4>\n<p><span class=\"VIiyi\" lang=\"ro\"><span class=\"JLqJ4b ChMk0b\" data-language-for-alternatives=\"ro\" data-language-to-translate-into=\"en\" data-phrase-index=\"0\">Aspiratorul ultrasonic Sonopet iQ nu numai c\u0103 v\u0103 ofer\u0103 puterea \u0219i controlul de care ave\u021bi nevoie pentru a fragmenta, emulsiona \u0219i aspira \u021besuturile moi \u0219i osul, dar este, de asemenea, echipat cu caracteristici personalizabile la cerere \u0219i inteligen\u021b\u0103 compatibil\u0103 cu RFID pentru a v\u0103 ajuta s\u0103 v\u0103 optimiza\u021bi performan\u021ba.<\/p>\n<p>Sanopet IQ este o consol\u0103 ce serve\u0219te mai multor specialit\u0103\u021bi, piesa de m\u00e2n\u0103 fiind ccompatibil\u0103 cu toate v\u00e2rfurile \u0219i tuburile pentru \u021besut moale\/os.<br \/>\nFiind un sistem all-in-one, acesta reduce fluxul de instruirea a personalului medical \u0219i erorile poten\u021biale ale utilizatorului.<\/span><\/span><\/p>\n<hr \/>\n<h2 style=\"display: block;\">Func\u021bii<\/h2>\n<ul class=\"product-ul\">\n<li class=\"heading\"><span style=\"color: #ff9900;\">Tehnologie RFID<\/span><\/li>\n<li>Tehnologia RFID modific\u0103 instantaneu set\u0103rile pe baza v\u00e2rful conectat sau a profilului de utilizator<\/li>\n<li class=\"heading\"><span style=\"color: #ff9900;\">Tehnologie proprietar\u0103 de torsiune longitudinal\u0103 (LT)<\/span><\/li>\n<li>Cupluri longitudinale cu vibra\u021bii de torsiune pentru o mi\u0219care de rota\u021bie de 25.000x pe secund\u0103 care taie osul f\u0103r\u0103 a afecta \u021besuturile moi. <\/li>\n<li>Emulsioneaz\u0103 \u021besutul moale hidratat (tumor\u0103, gr\u0103sime, parenchim) f\u0103r\u0103 a afecta \u021besutul anhidru vital, cum ar fi vasele, nervii \u0219i tendoanele.<\/li>\n<li>Rezecteaz\u0103 osul rigid sau \u021besutul dur \u00een timp ce \u00eenconjoar\u0103 \u021besutul elastic moale \u0219i vibr\u00e2nd departe de v\u00e2rful lamelor.<\/li>\n<li>Reliefurile elicoidale redirec\u021bioneaz\u0103 energia ultrasonic\u0103 de la componenta pur torsional\u0103 la cea torsional\u0103 combinat\u0103, astfel \u00eenc\u00e2t \u021besutul distal de v\u00e2rf s\u0103 nu fie afectat de cavita\u021bie.<\/li>\n<li class=\"heading\"><span style=\"color: #ff9900;\">Set\u0103ri precise, independente \u0219i sincronizate<\/span><\/li>\n<li>Pentru putere, aspira\u021bie \u0219i iriga\u021bie<\/li>\n<li class=\"heading\"><span style=\"color: #ff9900;\">Telecomand\u0103<\/span><\/li>\n<li>Pentru control de la distan\u021b\u0103 fa\u021b\u0103 de c\u00e2mpul steril \u0219i non-steril<\/li>\n<li class=\"heading\"><span style=\"color: #ff9900;\">Trei op\u021biuni de pedale<\/span><\/li>\n<li>Pedal\u0103 de baz\u0103, pedal\u0103 avansat\u0103 \u0219i pedal\u0103 avansat\u0103 wireless<\/li>\n<li class=\"heading\"><span style=\"color: #ff9900;\">Proiectat pentru aspira\u021bie controlat\u0103 <\/span><\/li>\n<li>Capacitate de reducere a aspira\u021biei \u00een jurul structurilor critice<\/li>\n<li class=\"heading\"><span style=\"color: #ff9900;\">Caseta de irigare integrat\u0103 <\/span><\/li>\n<li>Elimin\u0103 filetarea exterioar\u0103 a ro\u021bii \u0219i a tubului<\/li>\n<li class=\"heading\"><span style=\"color: #ff9900;\">Compatibilitate<\/span><\/li>\n<li>V\u00e2rfurile \u0219i tuburile de t\u0103iere a \u021besuturilor moi\/oaselor sunt compatibile cu piesa de m\u00e2n\u0103<\/li>\n<li class=\"heading\"><span style=\"color: #ff9900;\">Conexiuni orientate spre fa\u021b\u0103 cu feedback color<\/span><\/li>\n<li>Semnalul luminos al portului prezint\u0103 o configurare optim\u0103 \u0219i precis\u0103<\/li>\n<li class=\"heading\"><span style=\"color: #ff9900;\">Irigare integrat\u0103 \u00een piesa de m\u00e2n\u0103<\/span><\/li>\n<li>Irigare integrat\u0103 \u00een piesa de m\u00e2n\u0103 pentru a \u00eembun\u0103t\u0103\u021bi vizibilitatea \u0219i controlul<\/li>\n<li class=\"heading\"><span style=\"color: #ff9900;\">Configurare intuitiv\u0103<\/span><\/li>\n<li>Toate componentele sunt etichetate sau codate color, iar pa\u0219ii sunt non-secven\u021biali<\/li>\n<\/ul>\n<p>&nbsp;<\/p>\n<\/div>\n","protected":false},"excerpt":{"rendered":"<p>Sanopet IQ Aspirator ultrasonic Prezentare general\u0103 Rezec\u021bia \u021besuturilor moi \/ Disec\u021bia osoas\u0103 fin\u0103 \/ Sistem All-in-one Aspiratorul ultrasonic Sonopet iQ nu numai c\u0103 v\u0103 ofer\u0103 puterea \u0219i controlul de care ave\u021bi nevoie pentru a fragmenta, emulsiona \u0219i aspira \u021besuturile moi \u0219i osul, dar este, de asemenea, echipat cu caracteristici personalizabile la cerere \u0219i inteligen\u021b\u0103 compatibil\u0103 &#8230; <a title=\"Aspirator ultrasonic Sonopet iQ\" class=\"read-more\" href=\"https:\/\/kral-medical.ro\/?product=sonopet\" aria-label=\"Cite\u0219te mai multe despre Aspirator ultrasonic Sonopet iQ\">Cite\u0219te mai mult<\/a><\/p>\n","protected":false},"featured_media":2042,"template":"","meta":[],"pwb-brand":[78],"product_brand":[],"product_cat":[114,89],"product_tag":[],"class_list":{"0":"post-1259","1":"product","2":"type-product","3":"status-publish","4":"has-post-thumbnail","6":"pwb-brand-stryker","7":"product_cat-sistem-de-aspiratie-tumorala","8":"product_cat-neurochirurgie","10":"first","11":"instock","12":"shipping-taxable","13":"product-type-simple"},"brands":[{"id":78,"name":"Stryker","slug":"stryker"}],"_links":{"self":[{"href":"https:\/\/kral-medical.ro\/index.php?rest_route=\/wp\/v2\/product\/1259","targetHints":{"allow":["GET"]}}],"collection":[{"href":"https:\/\/kral-medical.ro\/index.php?rest_route=\/wp\/v2\/product"}],"about":[{"href":"https:\/\/kral-medical.ro\/index.php?rest_route=\/wp\/v2\/types\/product"}],"version-history":[{"count":1,"href":"https:\/\/kral-medical.ro\/index.php?rest_route=\/wp\/v2\/product\/1259\/revisions"}],"predecessor-version":[{"id":11179,"href":"https:\/\/kral-medical.ro\/index.php?rest_route=\/wp\/v2\/product\/1259\/revisions\/11179"}],"wp:featuredmedia":[{"embeddable":true,"href":"https:\/\/kral-medical.ro\/index.php?rest_route=\/wp\/v2\/media\/2042"}],"wp:attachment":[{"href":"https:\/\/kral-medical.ro\/index.php?rest_route=%2Fwp%2Fv2%2Fmedia&parent=1259"}],"wp:term":[{"taxonomy":"pwb-brand","embeddable":true,"href":"https:\/\/kral-medical.ro\/index.php?rest_route=%2Fwp%2Fv2%2Fpwb-brand&post=1259"},{"taxonomy":"product_brand","embeddable":true,"href":"https:\/\/kral-medical.ro\/index.php?rest_route=%2Fwp%2Fv2%2Fproduct_brand&post=1259"},{"taxonomy":"product_cat","embeddable":true,"href":"https:\/\/kral-medical.ro\/index.php?rest_route=%2Fwp%2Fv2%2Fproduct_cat&post=1259"},{"taxonomy":"product_tag","embeddable":true,"href":"https:\/\/kral-medical.ro\/index.php?rest_route=%2Fwp%2Fv2%2Fproduct_tag&post=1259"}],"curies":[{"name":"wp","href":"https:\/\/api.w.org\/{rel}","templated":true}]}}