{"id":1347,"date":"2020-05-28T09:28:57","date_gmt":"2020-05-28T09:28:57","guid":{"rendered":"http:\/\/www.kral-medical.ro\/?post_type=product&#038;p=1347"},"modified":"2021-03-24T12:34:54","modified_gmt":"2021-03-24T12:34:54","slug":"incubator-indicatori-biologici","status":"publish","type":"product","link":"https:\/\/kral-medical.ro\/?product=incubator-indicatori-biologici","title":{"rendered":"Sterrad Velocity"},"content":{"rendered":"<p><img decoding=\"async\" class=\"product_top_image\" src=\"http:\/\/www.kral-medical.ro\/wp-content\/uploads\/2021\/03\/incubator-indicatori-biologici-1.jpg\" \/><\/p>\n<div class=\"product_title_over_image\"><span style=\"color: #333333;\">Sterrad Velocity<br \/>\n<\/span><\/div>\n<div class=\"product_subtitle_over_image\"><span style=\"color: #333333;\">Incubator indicatori biologici<\/span><\/div>\n<div class=\"product-content\">\n<h2 style=\"display: block;\"><span style=\"color: #333333;\">Prezentare general\u0103<\/span><\/h2>\n<h4 style=\"display: block;\"><span style=\"color: #ff9900;\">Incubator indicatori biologici cu rezultate \u00een doar 30 de minute<\/span><\/h4>\n<p>Sterrad Velocity este un sistem de verificare rapid\u0103 \u0219i sigur\u0103 a eficien\u021bei ciclurilor de sterilizare a sterilizatoarelor din gama Sterrad \u0219i este alc\u0103tuit dintr-un indicator biologic autonom (BI)\u00a0 \u0219i un cititor de bare automat ce ofer\u0103 rezultate \u00een doar 30 de minute.<\/p>\n<p>Sistemul STERRAD VELOCITY este singurul sistem de monitorizare a indicatorilor biologici (BI) care ghideaz\u0103 rapid utilizatorii prin procesarea conform\u0103 a indicatorilor biologici, gener\u00e2nd automat rapoarte \u00eenregistrate, gata pentru audit. Cu cel mai rapid timp de citire la 30 de minute \u0219i afi\u0219aj cu ecran tactil ghidat, sistemul STERRAD VELOCITY v\u0103 ajut\u0103 s\u0103 elibera\u021bi instrumentele sterilizate mai rapid \u0219i v\u0103 permite s\u0103 m\u0103ri\u021bi fluxul de lucru. Sistemul STERRAD VELOCITY este primul \u0219i singurul indicator biologic all-in-one (BI) \u0219i dispozitiv de provocare a procesului (PCD) pentru sistemele de sterilizare cu peroxid de hidrogen care \u00eendepline\u0219te cerin\u021bele standardelor ANSI \/ AAMI ST58: 2013 \/ (R) 2018 \u0219i DIREC\u021aIILE PERIOPERATIVE AORN 2020: practici recomandate de sterilizare pentru a proteja fiecare pacient, fiecare ciclu.<\/p>\n<hr \/>\n<h2 style=\"display: block;\">Func\u021bii<\/h2>\n<ul class=\"product-ul\">\n<li class=\"heading\"><span style=\"color: #ff9900;\">Instrumente sigure<br \/>\n<\/span><\/li>\n<li>Rezultatele ob\u021binute \u00een doar 30 de minute permit institu\u021biilor medicale s\u0103 reduc\u0103 riscul eliber\u0103rii instrumentelor \u00eenainte de confirmarea BI<\/li>\n<li class=\"heading\"><span style=\"color: #ff9900;\">Smart BI<br \/>\n<\/span><\/li>\n<li>Indicator chimic \u00eencorporat pentru identificarea rapid\u0103 a indicatorilor biologici procesa\u021bi versus neprocesa\u021bi<\/li>\n<li>Datele codurilor de bare stocheaz\u0103 electronic num\u0103rul de serie, num\u0103rul lotului \u0219i data de expirare<\/li>\n<li class=\"heading\"><span style=\"color: #ff9900;\"><span class=\"VIiyi\" lang=\"ro\"><span class=\"JLqJ4b ChMk0b\" data-language-for-alternatives=\"ro\" data-language-to-translate-into=\"auto\" data-phrase-index=\"0\">Tehnologie cu fluorescen\u021b\u0103 optic\u0103<\/span><\/span> <\/span><\/li>\n<li><span class=\"VIiyi\" lang=\"ro\"><span class=\"JLqJ4b ChMk0b\" data-language-for-alternatives=\"ro\" data-language-to-translate-into=\"auto\" data-phrase-index=\"0\">Elimin\u0103 subiectivitatea interpret\u0103rii vizuale a rezultatelor<\/span><\/span><\/li>\n<li class=\"heading\"><span style=\"color: #ff9900;\">Utilizare u\u0219oar\u0103<br \/>\n<\/span><\/li>\n<li>Instruc\u021biunile pas cu pas de pe ecran v\u0103 ajut\u0103 s\u0103 asigura\u021bi o func\u021bionare corect\u0103<\/li>\n<li>Introducerea u\u0219oar\u0103 pe ecranul tactil a informa\u021biilor despre BI, sterilizator \u0219i \u00eenc\u0103rcare<\/li>\n<li>Cronometre simple, u\u0219or de citit, pentru fiecare sond\u0103<\/li>\n<li>Alertele sonore \u0219i vizuale ajut\u0103 la semnalizarea rapid\u0103 a personalului \u00een cazul unei indicator biologic pozitiv<\/li>\n<\/ul>\n<\/div>\n","protected":false},"excerpt":{"rendered":"<p>Sterrad Velocity Incubator indicatori biologici Prezentare general\u0103 Incubator indicatori biologici cu rezultate \u00een doar 30 de minute Sterrad Velocity este un sistem de verificare rapid\u0103 \u0219i sigur\u0103 a eficien\u021bei ciclurilor de sterilizare a sterilizatoarelor din gama Sterrad \u0219i este alc\u0103tuit dintr-un indicator biologic autonom (BI)\u00a0 \u0219i un cititor de bare automat ce ofer\u0103 rezultate \u00een &#8230; <a title=\"Sterrad Velocity\" class=\"read-more\" href=\"https:\/\/kral-medical.ro\/?product=incubator-indicatori-biologici\" aria-label=\"Cite\u0219te mai multe despre Sterrad Velocity\">Cite\u0219te mai mult<\/a><\/p>\n","protected":false},"featured_media":2077,"template":"","meta":[],"pwb-brand":[134],"product_brand":[],"product_cat":[133,131],"product_tag":[],"class_list":{"0":"post-1347","1":"product","2":"type-product","3":"status-publish","4":"has-post-thumbnail","6":"pwb-brand-johnson-johnson","7":"product_cat-incubator-indicatori-biologici","8":"product_cat-sterilizare","10":"first","11":"instock","12":"shipping-taxable","13":"product-type-simple"},"brands":[{"id":134,"name":"Johnson &amp; Johnson","slug":"johnson-johnson"}],"_links":{"self":[{"href":"https:\/\/kral-medical.ro\/index.php?rest_route=\/wp\/v2\/product\/1347","targetHints":{"allow":["GET"]}}],"collection":[{"href":"https:\/\/kral-medical.ro\/index.php?rest_route=\/wp\/v2\/product"}],"about":[{"href":"https:\/\/kral-medical.ro\/index.php?rest_route=\/wp\/v2\/types\/product"}],"version-history":[{"count":1,"href":"https:\/\/kral-medical.ro\/index.php?rest_route=\/wp\/v2\/product\/1347\/revisions"}],"predecessor-version":[{"id":9186,"href":"https:\/\/kral-medical.ro\/index.php?rest_route=\/wp\/v2\/product\/1347\/revisions\/9186"}],"wp:featuredmedia":[{"embeddable":true,"href":"https:\/\/kral-medical.ro\/index.php?rest_route=\/wp\/v2\/media\/2077"}],"wp:attachment":[{"href":"https:\/\/kral-medical.ro\/index.php?rest_route=%2Fwp%2Fv2%2Fmedia&parent=1347"}],"wp:term":[{"taxonomy":"pwb-brand","embeddable":true,"href":"https:\/\/kral-medical.ro\/index.php?rest_route=%2Fwp%2Fv2%2Fpwb-brand&post=1347"},{"taxonomy":"product_brand","embeddable":true,"href":"https:\/\/kral-medical.ro\/index.php?rest_route=%2Fwp%2Fv2%2Fproduct_brand&post=1347"},{"taxonomy":"product_cat","embeddable":true,"href":"https:\/\/kral-medical.ro\/index.php?rest_route=%2Fwp%2Fv2%2Fproduct_cat&post=1347"},{"taxonomy":"product_tag","embeddable":true,"href":"https:\/\/kral-medical.ro\/index.php?rest_route=%2Fwp%2Fv2%2Fproduct_tag&post=1347"}],"curies":[{"name":"wp","href":"https:\/\/api.w.org\/{rel}","templated":true}]}}