{"id":1506,"date":"2020-06-16T12:30:22","date_gmt":"2020-06-16T12:30:22","guid":{"rendered":"http:\/\/www.kral-medical.ro\/?post_type=product&#038;p=1506"},"modified":"2020-07-31T09:10:50","modified_gmt":"2020-07-31T09:10:50","slug":"pst-500","status":"publish","type":"product","link":"https:\/\/kral-medical.ro\/?product=pst-500","title":{"rendered":"PST 500"},"content":{"rendered":"<p><img decoding=\"async\" class=\"product_top_image\" src=\"http:\/\/www.kral-medical.ro\/wp-content\/uploads\/2020\/07\/PST500_open_base-2.jpg\" \/><\/p>\n<div class=\"product_title_over_image\"><span style=\"color: #333333;\">PST 500<\/span><\/div>\n<div class=\"product_subtitle_over_image\"><span style=\"color: #333333;\">Mas\u0103 de opera\u021bie pentru o precizie de neegalat<\/span><\/div>\n<div class=\"product-content\">\n<h2 style=\"display: block;\"><span style=\"color: #333333;\">Prezentare general\u0103<\/span><\/h2>\n<h4 style=\"display: block;\"><span style=\"color: #ff9900;\">PST 500 nu este o simpl\u0103 mas\u0103 &#8211; este un suport \u00een \u00eengrijirea medical\u0103. <\/span><\/h4>\n<h4 style=\"display: block;\"><\/h4>\n<p>Acest\u0103 mas\u0103 de opera\u021bie, versatil\u0103 \u0219i u\u0219or de utilizat, sus\u021bine volumul, precum \u0219i o varietatea de proceduri cu care chirurgii se confrunt\u0103 \u00een fiecare zi, ajut\u00e2ndu-i pe ace\u0219tia din urm\u0103 s\u0103 fie al\u0103turi de pacien\u021bii lor, sustindu-i, \u0219i \u00een acela\u0219i timp, eficientiz\u00e2nd fluxul de lucru.<\/p>\n<hr \/>\n<h2 style=\"display: block;\">Func\u021bii<\/h2>\n<ul class=\"product-ul\">\n<li class=\"heading\"><span style=\"color: #ff9900;\">Versatilitate\u00a0<\/span><\/li>\n<li>O singur\u0103 mas\u0103 sus\u021bine o gam\u0103 larg\u0103 de pozi\u021bii \u00een diferite aplica\u021bii chirurgicale. Amortizarea investi\u021biei \u0219i extinderea capabilit\u0103\u021bilor procedurale.<\/li>\n<li class=\"heading\"><span style=\"color: #ff9900;\">Eficien\u021b\u0103<\/span><\/li>\n<li>Design modular, manipulare ergonomic\u0103, imagistica la 360\u00b0. Sistemul de mesagerie prin iluminare, ajut\u0103 la eficientizarea fluxului de lucru, lucr\u00e2nd cu mai mul\u021bi pacien\u021bi, mai rapid. (*capacitate imagistic\u0103 la 360\u00b0 cu componente specifice de carbon.)<\/li>\n<li class=\"heading\"><span style=\"color: #ff9900;\">Siguran\u021b\u0103<\/span><\/li>\n<li>Cu o capacitate de greutate de 454 kg (1.000 lb), monitorizare a coliziunilor, sistem de blocare a podelei auto-nivelant \u0219i mai mult, PST 500 este proiectat cu siguran\u021ba pacientului \u0219i a utilizatorului \u00een minte. (* capacitatea greut\u0103\u021bii poate fluctua \u00een func\u021bie de configura\u021bia tabelului.)<\/li>\n<li class=\"heading\"><span style=\"color: #ff9900;\">Intuitivitate<\/span><\/li>\n<li>Configurare \u0219i utilizare u\u0219oar\u0103 \u0219i intuitiv\u0103, componente u\u0219oare, sistem de cuplare tip c\u00e2rlig cu aliniere automat\u0103 \u0219i telecomand\u0103 intuitiv\u0103.<\/li>\n<\/ul>\n<p>&nbsp;<\/p>\n<\/div>\n","protected":false},"excerpt":{"rendered":"<p>PST 500 Mas\u0103 de opera\u021bie pentru o precizie de neegalat Prezentare general\u0103 PST 500 nu este o simpl\u0103 mas\u0103 &#8211; este un suport \u00een \u00eengrijirea medical\u0103. Acest\u0103 mas\u0103 de opera\u021bie, versatil\u0103 \u0219i u\u0219or de utilizat, sus\u021bine volumul, precum \u0219i o varietatea de proceduri cu care chirurgii se confrunt\u0103 \u00een fiecare zi, ajut\u00e2ndu-i pe ace\u0219tia din &#8230; <a title=\"PST 500\" class=\"read-more\" href=\"https:\/\/kral-medical.ro\/?product=pst-500\" aria-label=\"Cite\u0219te mai multe despre PST 500\">Cite\u0219te mai mult<\/a><\/p>\n","protected":false},"featured_media":1507,"template":"","meta":[],"pwb-brand":[58],"product_brand":[],"product_cat":[69,70,91,97,23,32],"product_tag":[],"class_list":{"0":"post-1506","1":"product","2":"type-product","3":"status-publish","4":"has-post-thumbnail","6":"pwb-brand-trumpf-medical","7":"product_cat-chirugie-generala","8":"product_cat-mesa-de-operatie","9":"product_cat-mese-de-operatie-ginecologie-urologie","10":"product_cat-mese-de-operatie-ortopedie","11":"product_cat-produse","12":"product_cat-masa-operatie","14":"first","15":"instock","16":"shipping-taxable","17":"product-type-simple"},"brands":[{"id":58,"name":"Trumpf Medical","slug":"trumpf-medical"}],"_links":{"self":[{"href":"https:\/\/kral-medical.ro\/index.php?rest_route=\/wp\/v2\/product\/1506","targetHints":{"allow":["GET"]}}],"collection":[{"href":"https:\/\/kral-medical.ro\/index.php?rest_route=\/wp\/v2\/product"}],"about":[{"href":"https:\/\/kral-medical.ro\/index.php?rest_route=\/wp\/v2\/types\/product"}],"version-history":[{"count":1,"href":"https:\/\/kral-medical.ro\/index.php?rest_route=\/wp\/v2\/product\/1506\/revisions"}],"predecessor-version":[{"id":1757,"href":"https:\/\/kral-medical.ro\/index.php?rest_route=\/wp\/v2\/product\/1506\/revisions\/1757"}],"wp:featuredmedia":[{"embeddable":true,"href":"https:\/\/kral-medical.ro\/index.php?rest_route=\/wp\/v2\/media\/1507"}],"wp:attachment":[{"href":"https:\/\/kral-medical.ro\/index.php?rest_route=%2Fwp%2Fv2%2Fmedia&parent=1506"}],"wp:term":[{"taxonomy":"pwb-brand","embeddable":true,"href":"https:\/\/kral-medical.ro\/index.php?rest_route=%2Fwp%2Fv2%2Fpwb-brand&post=1506"},{"taxonomy":"product_brand","embeddable":true,"href":"https:\/\/kral-medical.ro\/index.php?rest_route=%2Fwp%2Fv2%2Fproduct_brand&post=1506"},{"taxonomy":"product_cat","embeddable":true,"href":"https:\/\/kral-medical.ro\/index.php?rest_route=%2Fwp%2Fv2%2Fproduct_cat&post=1506"},{"taxonomy":"product_tag","embeddable":true,"href":"https:\/\/kral-medical.ro\/index.php?rest_route=%2Fwp%2Fv2%2Fproduct_tag&post=1506"}],"curies":[{"name":"wp","href":"https:\/\/api.w.org\/{rel}","templated":true}]}}