{"id":1825,"date":"2020-08-04T08:40:22","date_gmt":"2020-08-04T08:40:22","guid":{"rendered":"http:\/\/www.kral-medical.ro\/?post_type=product&#038;p=1825"},"modified":"2020-08-04T08:58:31","modified_gmt":"2020-08-04T08:58:31","slug":"trusystem-3000-ofta","status":"publish","type":"product","link":"https:\/\/kral-medical.ro\/?product=trusystem-3000-ofta","title":{"rendered":"TruSystem 3000"},"content":{"rendered":"<p><img decoding=\"async\" class=\"product_top_image\" src=\"http:\/\/www.kral-medical.ro\/wp-content\/uploads\/2020\/08\/TruSystem_3000_oftalmo.png\" \/><\/p>\n<div class=\"product_title_over_image\"><span style=\"color: #333333;\">TruSystem\u2122 3000<\/span><\/div>\n<div class=\"product_subtitle_over_image\"><span style=\"color: #333333;\">Flexibilitate f\u0103r\u0103 compromis<\/span><\/div>\n<div class=\"product-content\">\n<h2 style=\"display: block;\"><span style=\"color: #333333;\">Prezentare general\u0103<\/span><\/h2>\n<h4 style=\"display: block;\"><span style=\"color: #ff9900;\">TruSystem\u2122 3000\u00a0 este op\u021biunea ideal\u0103 pentru \u00eengrijiri chirurgicale de calitate \u00een sala de opera\u021bie<\/span><\/h4>\n<p>Pozi\u021bionarea corect\u0103 a pacien\u021bilor pe masa de opera\u021bie este critic\u0103 pentru a oferi cea mai bun\u0103 \u00eengrijire posibil\u0103 \u0219i pentru a-i proteja \u00eempotriva complica\u021biilor, cum ar fi escarele de decubit \u0219i leziuni ale nervilor. Masa de opera\u021bie TruSystem\u2122 3000 prezint\u0103 o gam\u0103 extins\u0103 de componente \u0219i accesorii pentru pozi\u021bionarea pacientului pentru o varietate de proceduri chirurgicale &#8211; ORL \u0219i Oftalmologie, Neurochirurgie, Chirurgie Plastic\u0103 \u0219i Reparatorie, Ortopedie, Chirurgie Bariatric\u0103, Chirurgie General\u0103.<\/p>\n<hr \/>\n<h2 style=\"display: block;\">Func\u021bii<\/h2>\n<ul class=\"product-ul\">\n<li class=\"heading\"><span style=\"color: #ff9900;\">Instalare u\u0219oar\u0103<\/span><\/li>\n<li>Sistem cu puncte de cuplare tip mama-tat\u0103 pentru configurare u\u0219oar\u0103 \u0219i utilizarea intuitiv\u0103. Toate elementele de operare sunt codate \u00een albastru pentru acces rapid \u0219i u\u0219urin\u021b\u0103 \u00een utilizare.<\/li>\n<li class=\"heading\"><span style=\"color: #ff9900;\">Interfa\u021b\u0103 consistent\u0103<\/span><\/li>\n<li>Toate interfe\u021bele de utilizator au acelea\u0219i pictograme, culori \u0219i simboluri. Au fost testate pentru a asigura simplitatea, eficien\u021ba \u0219i siguran\u021ba. Orientarea c\u0103tre pacient poate fi inversat\u0103 pur \u0219i simplu prin ap\u0103sarea unui buton de pe coloana mesei.<\/li>\n<li class=\"heading\"><span style=\"color: #ff9900;\">Mentenan\u021b\u0103 minim\u0103, performan\u021b\u0103 optim\u0103<\/span><\/li>\n<li>Piesele de service \u0219i \u00eentre\u021binere ale bazei, coloanei \u0219i blatului mesei sunt accesibile cu u\u0219urin\u021b\u0103.<\/li>\n<li class=\"heading\"><span style=\"color: #ff9900;\">Telecomand\u0103 intuitiv\u0103<\/span><\/li>\n<li>Telecomanda este proiectat\u0103 din perspectiva anestezistului \u0219i permite echipei medicale o utilizare intuitiv\u0103. Ecranul retroiluminat \u00eembun\u0103t\u0103\u021be\u0219te u\u0219urin\u021ba de utilizare \u00een mediile chirurgicale cu lumin\u0103 sc\u0103zut\u0103.<\/li>\n<li class=\"heading\"><span style=\"color: #ff9900;\">Design suplu<\/span><\/li>\n<li>Masa este proiectat\u0103 pentru a permite plasarea piciorului sub baz\u0103. Acest lucru optimizeaz\u0103 ergonomia echipei chirurgicale \u0219i ofer\u0103 acces excep\u021bional la pacien\u021bi. Coloana \u00eengust\u0103 permite accesibilitatea bra\u021belor C pentru imagistic\u0103 intraoperatorie.<\/li>\n<\/ul>\n<div class=\"product-content\">\n<p>&nbsp;<\/p>\n<\/div>\n<\/div>\n","protected":false},"excerpt":{"rendered":"<p>TruSystem\u2122 3000 Flexibilitate f\u0103r\u0103 compromis Prezentare general\u0103 TruSystem\u2122 3000\u00a0 este op\u021biunea ideal\u0103 pentru \u00eengrijiri chirurgicale de calitate \u00een sala de opera\u021bie Pozi\u021bionarea corect\u0103 a pacien\u021bilor pe masa de opera\u021bie este critic\u0103 pentru a oferi cea mai bun\u0103 \u00eengrijire posibil\u0103 \u0219i pentru a-i proteja \u00eempotriva complica\u021biilor, cum ar fi escarele de decubit \u0219i leziuni ale nervilor. &#8230; <a title=\"TruSystem 3000\" class=\"read-more\" href=\"https:\/\/kral-medical.ro\/?product=trusystem-3000-ofta\" aria-label=\"Cite\u0219te mai multe despre TruSystem 3000\">Cite\u0219te mai mult<\/a><\/p>\n","protected":false},"featured_media":1280,"template":"","meta":[],"pwb-brand":[],"product_brand":[],"product_cat":[125,75,110,126,89,74],"product_tag":[],"class_list":{"0":"post-1825","1":"product","2":"type-product","3":"status-publish","4":"has-post-thumbnail","6":"product_cat-chirurgie-plastica-si-reparatorie","7":"product_cat-mese-de-operatie-orl-si-oftalmologie","8":"product_cat-mese-de-operatie-neurochirurgie","9":"product_cat-mese-de-operatie-chirurgie-plastica-si-reparatorie","10":"product_cat-neurochirurgie","11":"product_cat-orl-si-oftalmologie","13":"first","14":"instock","15":"shipping-taxable","16":"product-type-simple"},"brands":[],"_links":{"self":[{"href":"https:\/\/kral-medical.ro\/index.php?rest_route=\/wp\/v2\/product\/1825","targetHints":{"allow":["GET"]}}],"collection":[{"href":"https:\/\/kral-medical.ro\/index.php?rest_route=\/wp\/v2\/product"}],"about":[{"href":"https:\/\/kral-medical.ro\/index.php?rest_route=\/wp\/v2\/types\/product"}],"version-history":[{"count":1,"href":"https:\/\/kral-medical.ro\/index.php?rest_route=\/wp\/v2\/product\/1825\/revisions"}],"predecessor-version":[{"id":1833,"href":"https:\/\/kral-medical.ro\/index.php?rest_route=\/wp\/v2\/product\/1825\/revisions\/1833"}],"wp:featuredmedia":[{"embeddable":true,"href":"https:\/\/kral-medical.ro\/index.php?rest_route=\/wp\/v2\/media\/1280"}],"wp:attachment":[{"href":"https:\/\/kral-medical.ro\/index.php?rest_route=%2Fwp%2Fv2%2Fmedia&parent=1825"}],"wp:term":[{"taxonomy":"pwb-brand","embeddable":true,"href":"https:\/\/kral-medical.ro\/index.php?rest_route=%2Fwp%2Fv2%2Fpwb-brand&post=1825"},{"taxonomy":"product_brand","embeddable":true,"href":"https:\/\/kral-medical.ro\/index.php?rest_route=%2Fwp%2Fv2%2Fproduct_brand&post=1825"},{"taxonomy":"product_cat","embeddable":true,"href":"https:\/\/kral-medical.ro\/index.php?rest_route=%2Fwp%2Fv2%2Fproduct_cat&post=1825"},{"taxonomy":"product_tag","embeddable":true,"href":"https:\/\/kral-medical.ro\/index.php?rest_route=%2Fwp%2Fv2%2Fproduct_tag&post=1825"}],"curies":[{"name":"wp","href":"https:\/\/api.w.org\/{rel}","templated":true}]}}