{"id":2081,"date":"2021-01-13T14:45:29","date_gmt":"2021-01-13T14:45:29","guid":{"rendered":"http:\/\/www.kral-medical.ro\/?post_type=product&#038;p=2081"},"modified":"2021-05-05T12:46:55","modified_gmt":"2021-05-05T12:46:55","slug":"isis-xpert","status":"publish","type":"product","link":"https:\/\/kral-medical.ro\/?product=isis-xpert","title":{"rendered":"ISIS Xpert"},"content":{"rendered":"<p><img decoding=\"async\" class=\"product_top_image\" src=\"http:\/\/www.kral-medical.ro\/wp-content\/uploads\/2021\/05\/IsisXpert_banner.jpg\" \/><\/p>\n<div class=\"product_title_over_image\">ISIS Xpert<\/div>\n<div class=\"product_subtitle_over_image\"><span style=\"color: #333333;\">Sistem de neuromonitorizarea intraoperatorie<br \/>\n<\/span><\/div>\n<div class=\"product-content\">\n<h2 style=\"display: block;\"><span style=\"color: #333333;\">Prezentare general\u0103<\/span><\/h2>\n<h4 style=\"display: block;\"><span style=\"color: #ff9900;\">Tehnologia cheie \u00een neuromonitorizarea intraoperatorie<\/span><\/h4>\n<p>Cu sistemele familiei ISIS IOM, Inomed ofer\u0103 un pachet complet de monitorizare neurofiziologic\u0103 intraoperatorie multimodal\u0103 &gt;&gt; de la MEP la SEP. Sistemele ISIS IOM conving prin performan\u021be ridicate, u\u0219urin\u021b\u0103 \u00een utilizare, flexibilitate \u0219i varietate de aplica\u021bii.<\/p>\n<hr \/>\n<h2 style=\"display: block;\">Func\u021bii<\/h2>\n<ul class=\"product-ul\">\n<li class=\"heading\"><span style=\"color: #ff9900;\">Flexibilitate maxim\u0103 pentru neuromonitorizare intraoperatorie<\/span><\/li>\n<li>Configurarea flexibil\u0103 a modalit\u0103\u021bilor de m\u0103surare (EMG, MEP, SEP, EEG, AEP \u0219i VEP) \u0219i capacitatea de a combina o mare varietate de aplica\u021bii \u00eenseamn\u0103 c\u0103 pute\u021bi configura individual sistemul de neuromonitorizare intraoperatorie la rutina \u0219i cercetarea clinicii dvs.<br \/>\nStructura modular\u0103 a sistemelor \u0219i capacitatea de a combina flexibil diferite c\u0103\u0219ti \u0219i neurostimulatori ISIS &gt;&gt; \u00eenseamn\u0103 c\u0103 sistemul poate fi configurat individual pentru cerin\u021be specifice de neuromonitorizare intraoperatorie \u0219i, op\u021bional, chiar \u0219i pentru \u00eenregistrarea microelectrodelor pentru stimularea profund\u0103 a creierului.<\/li>\n<li class=\"heading\"><span style=\"color: #ff9900;\">Structura modular\u0103 permite sisteme extrem de configurabile<\/span><\/li>\n<li>Rezec\u021bia tumoral\u0103 neurochirurgical\u0103<\/li>\n<li>Chirurgia coloanei vertebrale (stabilizare, decompresie, chirurgia corectiv\u0103 a coloanei vertebrale)<\/li>\n<li>Chirurgie ORL (parotidectomie, opera\u021bie la urechea intern\u0103)<\/li>\n<li>Chirurgie pelvian\u0103 (rezec\u021bie rectal\u0103, opera\u021bii urologice, interven\u021bii chirurgicale ginecologice)<\/li>\n<li>Interven\u021bie chirurgical\u0103 cu pacientul treaz<\/li>\n<li class=\"heading\"><span style=\"color: #ff9900;\">Noua genera\u021bie de software pentru extinderea c\u00e2mpurilor de aplica\u021bii ale neuromonitoriz\u0103rii<\/span><\/li>\n<li>Toate sistemele ISIS Xpert sunt echipate cu noua genera\u021bie de software NeuroExplorer 2019 &gt;&gt; deosebit de puternic. Datorit\u0103 noilor sale modalit\u0103\u021bi software, NEX 2019 permite solu\u021bii complete IOM pentru o varietate de discipline, de exemplu \u00een chirurgia pelvian\u0103 brevetat\u0103 de inomed \u00een toat\u0103 Germania. &gt;&gt; \u00cen plus, ofer\u0103 spa\u021biu de memorie pentru numeroase programe cu modalit\u0103\u021bi individuale de m\u0103surare.<\/li>\n<li class=\"heading\"><span style=\"color: #ff9900;\">Principalele domenii de aplicare a ISIS Xpert:<\/span><\/li>\n<li>Neurochirurgie, Chirurgia coloanei vertebrale, Ortopedie, Chirurgie vascular\u0103, Chirurgie cardiotoracic\u0103, Chirurgie rectal\u0103, Chirurgie tiroidian\u0103, Chirurgie la ureche, nas \u0219i g\u00e2t<\/li>\n<\/ul>\n<p>&nbsp;<\/p>\n<\/div>\n","protected":false},"excerpt":{"rendered":"<p>ISIS Xpert Sistem de neuromonitorizarea intraoperatorie Prezentare general\u0103 Tehnologia cheie \u00een neuromonitorizarea intraoperatorie Cu sistemele familiei ISIS IOM, Inomed ofer\u0103 un pachet complet de monitorizare neurofiziologic\u0103 intraoperatorie multimodal\u0103 &gt;&gt; de la MEP la SEP. Sistemele ISIS IOM conving prin performan\u021be ridicate, u\u0219urin\u021b\u0103 \u00een utilizare, flexibilitate \u0219i varietate de aplica\u021bii. Func\u021bii Flexibilitate maxim\u0103 pentru neuromonitorizare intraoperatorie &#8230; <a title=\"ISIS Xpert\" class=\"read-more\" href=\"https:\/\/kral-medical.ro\/?product=isis-xpert\" aria-label=\"Cite\u0219te mai multe despre ISIS Xpert\">Cite\u0219te mai mult<\/a><\/p>\n","protected":false},"featured_media":2040,"template":"","meta":[],"pwb-brand":[117],"product_brand":[],"product_cat":[89,161,23],"product_tag":[],"class_list":{"0":"post-2081","1":"product","2":"type-product","3":"status-publish","4":"has-post-thumbnail","6":"pwb-brand-inomed","7":"product_cat-neurochirurgie","8":"product_cat-isis-xpert","9":"product_cat-produse","11":"first","12":"instock","13":"shipping-taxable","14":"product-type-simple"},"brands":[{"id":117,"name":"InoMed","slug":"inomed"}],"_links":{"self":[{"href":"https:\/\/kral-medical.ro\/index.php?rest_route=\/wp\/v2\/product\/2081","targetHints":{"allow":["GET"]}}],"collection":[{"href":"https:\/\/kral-medical.ro\/index.php?rest_route=\/wp\/v2\/product"}],"about":[{"href":"https:\/\/kral-medical.ro\/index.php?rest_route=\/wp\/v2\/types\/product"}],"version-history":[{"count":1,"href":"https:\/\/kral-medical.ro\/index.php?rest_route=\/wp\/v2\/product\/2081\/revisions"}],"predecessor-version":[{"id":11037,"href":"https:\/\/kral-medical.ro\/index.php?rest_route=\/wp\/v2\/product\/2081\/revisions\/11037"}],"wp:featuredmedia":[{"embeddable":true,"href":"https:\/\/kral-medical.ro\/index.php?rest_route=\/wp\/v2\/media\/2040"}],"wp:attachment":[{"href":"https:\/\/kral-medical.ro\/index.php?rest_route=%2Fwp%2Fv2%2Fmedia&parent=2081"}],"wp:term":[{"taxonomy":"pwb-brand","embeddable":true,"href":"https:\/\/kral-medical.ro\/index.php?rest_route=%2Fwp%2Fv2%2Fpwb-brand&post=2081"},{"taxonomy":"product_brand","embeddable":true,"href":"https:\/\/kral-medical.ro\/index.php?rest_route=%2Fwp%2Fv2%2Fproduct_brand&post=2081"},{"taxonomy":"product_cat","embeddable":true,"href":"https:\/\/kral-medical.ro\/index.php?rest_route=%2Fwp%2Fv2%2Fproduct_cat&post=2081"},{"taxonomy":"product_tag","embeddable":true,"href":"https:\/\/kral-medical.ro\/index.php?rest_route=%2Fwp%2Fv2%2Fproduct_tag&post=2081"}],"curies":[{"name":"wp","href":"https:\/\/api.w.org\/{rel}","templated":true}]}}