{"id":6265,"date":"2021-03-02T11:56:20","date_gmt":"2021-03-02T11:56:20","guid":{"rendered":"http:\/\/kral-medical.ro\/?post_type=product&#038;p=6265"},"modified":"2021-04-08T13:33:09","modified_gmt":"2021-04-08T13:33:09","slug":"lg-2-terapia-durerii-prin-termoliza-rf","status":"publish","type":"product","link":"https:\/\/kral-medical.ro\/?product=lg-2-terapia-durerii-prin-termoliza-rf","title":{"rendered":"LG 2"},"content":{"rendered":"<p><img decoding=\"async\" class=\"product_top_image\" src=\"https:\/\/kral-medical.ro\/wp-content\/uploads\/2021\/04\/Lg2-terapia-durerii-1.jpg\" \/><\/p>\n<div class=\"product_title_over_image\"><span style=\"color: #333333;\">LG 2<br \/>\n<\/span><\/div>\n<div class=\"product_subtitle_over_image\"><span style=\"color: #333333;\">Sistem de tratare a durerii \u0219i a leziunilor creierului prin termoliz\u0103<br \/>\n<\/span><\/div>\n<div class=\"product-content\">\n<h2 style=\"display: block;\"><span style=\"color: #333333;\">Prezentare general\u0103<\/span><\/h2>\n<h4 style=\"display: block;\"><span style=\"color: #ff9900;\">Terapia durerii prin termoliz\u0103 RF<br \/>\n<\/span><\/h4>\n<p>Generator de leziuni cu caracteristici complete pentru o termoliz\u0103 precis\u0103<\/p>\n<p>Generatorul de leziuni LG2 este un dispozitiv modern \u0219i portabil pentru toate tehnicile comune de leziune (RF continuu \u0219i RF pulsat cu diferite moduri de control) \u00een tratamentul durerii \u0219i \u00een neurochirurgia func\u021bional\u0103. To\u021bi parametrii critici ai aplica\u021biei sunt monitoriza\u021bi permanent de dispozitiv, oferind astfel siguran\u021b\u0103 \u0219i confort maxim at\u00e2t utilizatorului, c\u00e2t \u0219i pacientului \u00een timpul termolizei.<\/p>\n<p>Generatorul de leziuni RF cu dou\u0103 canale sus\u021bine o mare varietate de instrumente pentru durere \u0219i aplica\u021bii cerebrale. Compatibilitatea cu electrozii \u0219i canulele TC de la inomed completeaz\u0103 gama de produse pentru tratamentul durerii, iar electrozii TC pentru creier completeaz\u0103 gama de produse pentru aplicarea \u00een neurochirurgia func\u021bional\u0103.<\/p>\n<p><span class=\"VIiyi\" lang=\"ro\"><span class=\"JLqJ4b ChMk0b\" data-language-for-alternatives=\"ro\" data-language-to-translate-into=\"en\" data-phrase-index=\"0\">Aplicabilitate: Denervarea fa\u021betei coloanei vertebrale lombare, toracice \u0219i cervicale<\/span>; <span class=\"JLqJ4b ChMk0b\" data-language-for-alternatives=\"ro\" data-language-to-translate-into=\"en\" data-phrase-index=\"2\">Articula\u021bia sacroiliac\u0103;<\/span> <span class=\"JLqJ4b ChMk0b\" data-language-for-alternatives=\"ro\" data-language-to-translate-into=\"en\" data-phrase-index=\"4\">Nevralgia trigeminal\u0103 (Thermolesion of Ganglion Gasseri)<\/span><\/span><\/p>\n<hr \/>\n<h2 style=\"display: block;\">Func\u021bii<\/h2>\n<ul class=\"product-ul\">\n<li class=\"heading\"><span style=\"color: #ff9900;\">Caracteristicile Generatorului de Leziuni LG2<br \/>\n<\/span><\/li>\n<li>RF continuu \u00een dou\u0103 moduri diferite: Temperatur\u0103 \u0219i Temperatur\u0103 presetat\u0103<\/li>\n<li>RF pulsat \u00een trei moduri diferite: Temperatur\u0103, Durata impulsului sau Voltaj<\/li>\n<li>Stimulare nervoas\u0103 direct\u0103 pentru localizarea nervilor motori \u0219i senzoriali<\/li>\n<li>Monitorizarea continu\u0103 a temperaturii \u0219i a impedan\u021bei<\/li>\n<li>Monitorizarea calit\u0103\u021bii contactului cu electrozi neutri (NEM)<\/li>\n<li>Salvarea a p\u00e2n\u0103 la 25 de programe prestabilite<\/li>\n<li>Monitor cu ecran tactil pentru a gestiona fluxul de lucru intuitiv<\/li>\n<li>Afi\u0219are digital\u0103 a tuturor parametrilor relevan\u021bi ai aplica\u021biei<\/li>\n<li>Telecomand\u0103 pentru a ac\u021biona dispozitivul din c\u00e2mpul steril<\/li>\n<li>Proiectare compact\u0103 \u0219i u\u0219oar\u0103 a sistemului<\/li>\n<li>Compatibil cu to\u021bi electrozii TC inomed pentru durere \u0219i aplicare \u00een neurochirugia func\u021bional\u0103<\/li>\n<\/ul>\n<\/div>\n","protected":false},"excerpt":{"rendered":"<p>LG 2 Sistem de tratare a durerii \u0219i a leziunilor creierului prin termoliz\u0103 Prezentare general\u0103 Terapia durerii prin termoliz\u0103 RF Generator de leziuni cu caracteristici complete pentru o termoliz\u0103 precis\u0103 Generatorul de leziuni LG2 este un dispozitiv modern \u0219i portabil pentru toate tehnicile comune de leziune (RF continuu \u0219i RF pulsat cu diferite moduri de &#8230; <a title=\"LG 2\" class=\"read-more\" href=\"https:\/\/kral-medical.ro\/?product=lg-2-terapia-durerii-prin-termoliza-rf\" aria-label=\"Cite\u0219te mai multe despre LG 2\">Cite\u0219te mai mult<\/a><\/p>\n","protected":false},"featured_media":6266,"template":"","meta":[],"pwb-brand":[],"product_brand":[],"product_cat":[171],"product_tag":[],"class_list":{"0":"post-6265","1":"product","2":"type-product","3":"status-publish","4":"has-post-thumbnail","6":"product_cat-terapia-durerii","8":"first","9":"instock","10":"shipping-taxable","11":"product-type-simple"},"brands":[],"_links":{"self":[{"href":"https:\/\/kral-medical.ro\/index.php?rest_route=\/wp\/v2\/product\/6265","targetHints":{"allow":["GET"]}}],"collection":[{"href":"https:\/\/kral-medical.ro\/index.php?rest_route=\/wp\/v2\/product"}],"about":[{"href":"https:\/\/kral-medical.ro\/index.php?rest_route=\/wp\/v2\/types\/product"}],"version-history":[{"count":1,"href":"https:\/\/kral-medical.ro\/index.php?rest_route=\/wp\/v2\/product\/6265\/revisions"}],"predecessor-version":[{"id":10587,"href":"https:\/\/kral-medical.ro\/index.php?rest_route=\/wp\/v2\/product\/6265\/revisions\/10587"}],"wp:featuredmedia":[{"embeddable":true,"href":"https:\/\/kral-medical.ro\/index.php?rest_route=\/wp\/v2\/media\/6266"}],"wp:attachment":[{"href":"https:\/\/kral-medical.ro\/index.php?rest_route=%2Fwp%2Fv2%2Fmedia&parent=6265"}],"wp:term":[{"taxonomy":"pwb-brand","embeddable":true,"href":"https:\/\/kral-medical.ro\/index.php?rest_route=%2Fwp%2Fv2%2Fpwb-brand&post=6265"},{"taxonomy":"product_brand","embeddable":true,"href":"https:\/\/kral-medical.ro\/index.php?rest_route=%2Fwp%2Fv2%2Fproduct_brand&post=6265"},{"taxonomy":"product_cat","embeddable":true,"href":"https:\/\/kral-medical.ro\/index.php?rest_route=%2Fwp%2Fv2%2Fproduct_cat&post=6265"},{"taxonomy":"product_tag","embeddable":true,"href":"https:\/\/kral-medical.ro\/index.php?rest_route=%2Fwp%2Fv2%2Fproduct_tag&post=6265"}],"curies":[{"name":"wp","href":"https:\/\/api.w.org\/{rel}","templated":true}]}}