{"id":712,"date":"2017-10-19T09:14:23","date_gmt":"2017-10-19T09:14:23","guid":{"rendered":"http:\/\/kral-medical.ro\/?post_type=product&#038;p=712"},"modified":"2020-08-04T12:13:02","modified_gmt":"2020-08-04T12:13:02","slug":"masa-de-operatie-trusystem-7000","status":"publish","type":"product","link":"https:\/\/kral-medical.ro\/?product=masa-de-operatie-trusystem-7000","title":{"rendered":"TruSystem 7000"},"content":{"rendered":"<p><img decoding=\"async\" class=\"product_top_image\" src=\"http:\/\/www.kral-medical.ro\/wp-content\/uploads\/2020\/07\/Trusystem_7000_produs_01.png\" \/><\/p>\n<div class=\"product_title_over_image\"><span style=\"color: #333333;\">TruSystem 7000<\/span><\/div>\n<div class=\"product_subtitle_over_image\"><span style=\"color: #333333;\">Mas\u0103 de opera\u021bie f\u0103r\u0103 limite<\/span><\/div>\n<div class=\"product-content\">\n<h2 style=\"display: block;\"><span style=\"color: #333333;\">Prezentare general\u0103<\/span><\/h2>\n<h4 style=\"display: block;\"><span style=\"color: #ff9900;\">TruSystem 7000, o mas\u0103 de opera\u021bie care nu cunoa\u0219te limite<\/span><\/h4>\n<p>Masa de opera\u021bie TruSystem 7000 a fost creat\u0103 \u00een colaborare cu exper\u021bi interna\u021bionali \u0219i \u00een baza cuno\u0219tin\u021bele lor practice. Aceasta r\u0103spunde cerin\u021belor cheie ale chirurgilor din sala de opera\u021bie: Este u\u0219or de utilizat, fiabil\u0103, flexibil\u0103 \u0219i extensibil\u0103.<\/p>\n<p>TruSystem 7000 a fost conceput\u0103 pentru diferite aplica\u021bii \u0219i procedurile chirurgicale din s\u0103lile de opera\u021bie existente la ora actual\u0103. Chirurgii \u0219i echipa acestora se vor putea concentra asupra pacientului \u0219i nu asupra echipamentului chirurgical.<\/p>\n<hr \/>\n<h2 style=\"display: block;\">Func\u021bii<\/h2>\n<ul class=\"product-ul\">\n<li class=\"heading\"><span style=\"color: #ff9900;\">Monitorizare coliziunilor<\/span><\/li>\n<li>Func\u021bie integrat\u0103 pentru prevenirea coliziunilor dintre podea \u0219i masa de opera\u021bie pentru o mai mare siguran\u021b\u0103 a pacientului \u00een timpul interven\u021biei chirurgicale<\/li>\n<li class=\"heading\"><span style=\"color: #ff9900;\">Acces optim<\/span><\/li>\n<li>Cu reglarea longitudinal\u0103 de p\u00e2n\u0103 la 46 cm \u00b1 1 cm \u0219i construc\u021bia pe coloan\u0103 sub\u021bire, este atins\u0103 o radiolucen\u021b\u0103 maxim\u0103 de 1,53 m<\/li>\n<li class=\"heading\"><span style=\"color: #ff9900;\">Construc\u021bie mai u\u0219oar\u0103<\/span><\/li>\n<li>Greutatea tuturor componentelor deta\u0219abile este redus\u0103 cu 25%<\/li>\n<li class=\"heading\"><span style=\"color: #ff9900;\">Protec\u021bie la suprasarcin\u0103<\/span><\/li>\n<li>TruSystem 7000 emite o avertizare automat\u0103 \u00een situa\u021bia unei suprasarcini<\/li>\n<li class=\"heading\"><span style=\"color: #ff9900;\">Sistem simplu de cuplare<\/span><\/li>\n<li>Noul sistem de cuplare cu c\u00e2rlig pentru \u00eenlocuirea rapid\u0103 a componentelor \u0219i sistem de blocare automat\u0103<\/li>\n<li class=\"heading\"><span style=\"color: #ff9900;\">Operare intuitiv\u0103<\/span><\/li>\n<li>Feedback pentru articula\u021biile mesei de opera\u021bie la fiecare ajustare, pentru o comunicare \u00eembun\u0103t\u0103\u021bit\u0103 \u00een sala de opera\u021bie<\/li>\n<\/ul>\n<p>&nbsp;<\/p>\n<\/div>\n","protected":false},"excerpt":{"rendered":"<h2>Masa de operatie ergonomica pana la ultimul detaliu<\/h2>\n<p><strong>\u00a0 Tehnologia inteligenta a senzorilor<\/strong> alerteaza utilizatorul atunci cand pacientul sau masa sunt intro pozitie de compromis, reducand riscul de inclinare sau cadere in pozitii extreme \u2013 ideala pentru pacientii bariatrici care cantaresc pana la 450 kg.<br \/>\n<strong>\u00a0 Protectia anti-coliziune<\/strong> in configuratia standard presupune ca masa de operatie sa nu se loveasca de podea, nici chiar in pozitiile extreme Trendelenburg.<br \/>\n<strong>\u00a0 Sistemul de deblocare de urgenta<\/strong> deblocheaza masa in cazul intreruperii alimentarii, permitand pacientului si mesei de operatie o miscare rapida si in siguranta.<br \/>\n<strong>\u00a0 Padurile vascoelastic<\/strong> in dublu strat ajuta la reducerea riscului dezvoltarii escarelor de decubit.<br \/>\n<strong>\u00a0 Sistemul de nivelare sincronizat<\/strong> intoarce toate componentele articulate la un singur nivel pentru confortul optim al pacientului<\/p>\n","protected":false},"featured_media":1282,"template":"","meta":[],"pwb-brand":[58],"product_brand":[],"product_cat":[67,69,125,87,70,91,97,126,88,32],"product_tag":[],"class_list":{"0":"post-712","1":"product","2":"type-product","3":"status-publish","4":"has-post-thumbnail","6":"pwb-brand-trumpf-medical","7":"product_cat-chirurgie-bariatrica","8":"product_cat-chirugie-generala","9":"product_cat-chirurgie-plastica-si-reparatorie","10":"product_cat-ginecologie-urologie","11":"product_cat-mesa-de-operatie","12":"product_cat-mese-de-operatie-ginecologie-urologie","13":"product_cat-mese-de-operatie-ortopedie","14":"product_cat-mese-de-operatie-chirurgie-plastica-si-reparatorie","15":"product_cat-ortopedie","16":"product_cat-masa-operatie","18":"first","19":"instock","20":"shipping-taxable","21":"product-type-simple"},"brands":[{"id":58,"name":"Trumpf Medical","slug":"trumpf-medical"}],"_links":{"self":[{"href":"https:\/\/kral-medical.ro\/index.php?rest_route=\/wp\/v2\/product\/712","targetHints":{"allow":["GET"]}}],"collection":[{"href":"https:\/\/kral-medical.ro\/index.php?rest_route=\/wp\/v2\/product"}],"about":[{"href":"https:\/\/kral-medical.ro\/index.php?rest_route=\/wp\/v2\/types\/product"}],"version-history":[{"count":1,"href":"https:\/\/kral-medical.ro\/index.php?rest_route=\/wp\/v2\/product\/712\/revisions"}],"predecessor-version":[{"id":886,"href":"https:\/\/kral-medical.ro\/index.php?rest_route=\/wp\/v2\/product\/712\/revisions\/886"}],"wp:featuredmedia":[{"embeddable":true,"href":"https:\/\/kral-medical.ro\/index.php?rest_route=\/wp\/v2\/media\/1282"}],"wp:attachment":[{"href":"https:\/\/kral-medical.ro\/index.php?rest_route=%2Fwp%2Fv2%2Fmedia&parent=712"}],"wp:term":[{"taxonomy":"pwb-brand","embeddable":true,"href":"https:\/\/kral-medical.ro\/index.php?rest_route=%2Fwp%2Fv2%2Fpwb-brand&post=712"},{"taxonomy":"product_brand","embeddable":true,"href":"https:\/\/kral-medical.ro\/index.php?rest_route=%2Fwp%2Fv2%2Fproduct_brand&post=712"},{"taxonomy":"product_cat","embeddable":true,"href":"https:\/\/kral-medical.ro\/index.php?rest_route=%2Fwp%2Fv2%2Fproduct_cat&post=712"},{"taxonomy":"product_tag","embeddable":true,"href":"https:\/\/kral-medical.ro\/index.php?rest_route=%2Fwp%2Fv2%2Fproduct_tag&post=712"}],"curies":[{"name":"wp","href":"https:\/\/api.w.org\/{rel}","templated":true}]}}