{"id":716,"date":"2017-10-19T09:55:43","date_gmt":"2017-10-19T09:55:43","guid":{"rendered":"http:\/\/kral-medical.ro\/?post_type=product&#038;p=716"},"modified":"2021-03-29T11:13:50","modified_gmt":"2021-03-29T11:13:50","slug":"masa-de-operatie-trusystem-7500","status":"publish","type":"product","link":"https:\/\/kral-medical.ro\/?product=masa-de-operatie-trusystem-7500","title":{"rendered":"TruSystem 7500"},"content":{"rendered":"<p><img decoding=\"async\" class=\"product_top_image\" src=\"http:\/\/www.kral-medical.ro\/wp-content\/uploads\/2020\/07\/TruSystem_7500_produs.png\" \/><\/p>\n<div class=\"product_title_over_image\"><span style=\"color: #333333;\">TruSystem 7500<\/span><\/div>\n<div class=\"product_subtitle_over_image\"><span style=\"color: #333333;\">Tehnologie de ultim\u0103 or\u0103<\/span><\/div>\n<div class=\"product-content\">\n<h2 style=\"display: block;\"><span style=\"color: #333333;\">Prezentare general\u0103<\/span><\/h2>\n<h4 style=\"display: block;\"><span style=\"color: #ff9900;\">TruSystem 7500, noul standard al meselor de opera\u021bie<\/span><\/h4>\n<p>Noua genera\u021bie a mesei de opera\u021bie TruSystem 7500 de la Trumpf Medical stabile\u0219te un nou standard. Zonele mai mari de ajustare a blaturilor permit o flexibilitate mai mare \u00een pozi\u021bionarea pacientului.<\/p>\n<p>Op\u021biunile de protec\u021bie la suprasarcin\u0103 \u0219i de evitare \u0219i recunoa\u0219tere a coliziunilor cu ajutorul senzorilor ajut\u0103 la cre\u0219terea siguran\u021bei pacientului.<\/p>\n<p>O mai bun\u0103 ergonomie \u0219i timp economisit cu ajutorul unui punct nou \u0219i simplu de cuplare \u0219i a unui sistem motorizat (Shuttle) pentru transferul eficient al pacientului.<\/p>\n<hr \/>\n<h2 style=\"display: block;\">Func\u021bii<\/h2>\n<ul class=\"product-ul\">\n<li class=\"heading\"><span style=\"color: #ff9900;\">De \u00eencredere \u00een orice situa\u021bie<\/span><\/li>\n<li>Sarcina maxim\u0103 de 400 kg permite tratamentul pacien\u021bilor bariatrici<\/li>\n<li class=\"heading\"><span style=\"color: #ff9900;\">Sistem simplu de cuplare<\/span><\/li>\n<li>Montarea \u0219i demontarea componentelor a devenit mult mai u\u0219oar\u0103 cu ajutorul noului sistem cu puncte de cuplare &#8211; un sistem automat de conectare \u0219i blocare<\/li>\n<li class=\"heading\"><span style=\"color: #ff9900;\">Transfer mai u\u0219or al pacientului<\/span><\/li>\n<li>Sistemul Power Shuttle motorizat permite transferul rapid al pacientului reduc\u00e2nd timpul de preg\u0103tire pentru un alt pacient<\/li>\n<li class=\"heading\"><span style=\"color: #ff9900;\">Acces optim<\/span><\/li>\n<li>Alunecare longitudinal\u0103 de p\u00e2n\u0103 la 460 mm \u0219i construc\u021bie pe coloan\u0103 sub\u021bire<\/li>\n<li class=\"heading\"><span style=\"color: #ff9900;\">Operare intuitiv\u0103<\/span><\/li>\n<li>Feedback permanent la fiecare ajustare pentru o comunicare \u00eembun\u0103t\u0103\u021bit\u0103 \u00een sala de opera\u021bie, precum \u0219i posibilitatea de a salva pozi\u021biile<\/li>\n<li class=\"heading\"><span style=\"color: #ff9900;\">Potrivit\u0103 pentru proceduri chirurgicale zilnice<\/span><\/li>\n<li>Unitatea electromecanic\u0103 din blatul mesei \u0219i construc\u021bia pe coloan\u0103 garanteaz\u0103 o func\u021bionare fiabil\u0103 \u00een chirurgia de zi cu zi.<\/li>\n<\/ul>\n<\/div>\n","protected":false},"excerpt":{"rendered":"<h2>Tehnologie de ultima ora &#8211; acum si in viitor<\/h2>\n<p>Necesitatile actuale din sala de operatie necesita un nivel ridicat de flexibilitate si siguranta. Pentru a face fluxul de lucru cat mai eficient posibil, Trumpf Medical a dezvoltat sistemul de operatie TruSystem 7500, care permite metode de lucru extrem de ergonomice pentru sarcini pacient de pana la 880 lbs \/ 400 kg . In plus, pachetul TruSystem 7500 SensorLine ajuta la imbunatatirea sigurantei si eficientei ingrijirii pacientului.<\/p>\n","protected":false},"featured_media":1281,"template":"","meta":[],"pwb-brand":[58],"product_brand":[],"product_cat":[69,125,87,70,91,97,122,126,88,90,32],"product_tag":[],"class_list":{"0":"post-716","1":"product","2":"type-product","3":"status-publish","4":"has-post-thumbnail","6":"pwb-brand-trumpf-medical","7":"product_cat-chirugie-generala","8":"product_cat-chirurgie-plastica-si-reparatorie","9":"product_cat-ginecologie-urologie","10":"product_cat-mesa-de-operatie","11":"product_cat-mese-de-operatie-ginecologie-urologie","12":"product_cat-mese-de-operatie-ortopedie","13":"product_cat-mese-de-operatie-hybrid","14":"product_cat-mese-de-operatie-chirurgie-plastica-si-reparatorie","15":"product_cat-ortopedie","16":"product_cat-hybrid","17":"product_cat-masa-operatie","19":"first","20":"instock","21":"shipping-taxable","22":"product-type-simple"},"brands":[{"id":58,"name":"Trumpf Medical","slug":"trumpf-medical"}],"_links":{"self":[{"href":"https:\/\/kral-medical.ro\/index.php?rest_route=\/wp\/v2\/product\/716","targetHints":{"allow":["GET"]}}],"collection":[{"href":"https:\/\/kral-medical.ro\/index.php?rest_route=\/wp\/v2\/product"}],"about":[{"href":"https:\/\/kral-medical.ro\/index.php?rest_route=\/wp\/v2\/types\/product"}],"version-history":[{"count":1,"href":"https:\/\/kral-medical.ro\/index.php?rest_route=\/wp\/v2\/product\/716\/revisions"}],"predecessor-version":[{"id":859,"href":"https:\/\/kral-medical.ro\/index.php?rest_route=\/wp\/v2\/product\/716\/revisions\/859"}],"wp:featuredmedia":[{"embeddable":true,"href":"https:\/\/kral-medical.ro\/index.php?rest_route=\/wp\/v2\/media\/1281"}],"wp:attachment":[{"href":"https:\/\/kral-medical.ro\/index.php?rest_route=%2Fwp%2Fv2%2Fmedia&parent=716"}],"wp:term":[{"taxonomy":"pwb-brand","embeddable":true,"href":"https:\/\/kral-medical.ro\/index.php?rest_route=%2Fwp%2Fv2%2Fpwb-brand&post=716"},{"taxonomy":"product_brand","embeddable":true,"href":"https:\/\/kral-medical.ro\/index.php?rest_route=%2Fwp%2Fv2%2Fproduct_brand&post=716"},{"taxonomy":"product_cat","embeddable":true,"href":"https:\/\/kral-medical.ro\/index.php?rest_route=%2Fwp%2Fv2%2Fproduct_cat&post=716"},{"taxonomy":"product_tag","embeddable":true,"href":"https:\/\/kral-medical.ro\/index.php?rest_route=%2Fwp%2Fv2%2Fproduct_tag&post=716"}],"curies":[{"name":"wp","href":"https:\/\/api.w.org\/{rel}","templated":true}]}}