{"id":7306,"date":"2021-03-08T13:32:51","date_gmt":"2021-03-08T13:32:51","guid":{"rendered":"http:\/\/www.kral-medical.ro\/?post_type=product&#038;p=7306"},"modified":"2021-04-07T13:27:06","modified_gmt":"2021-04-07T13:27:06","slug":"unitate-ct-mobila","status":"publish","type":"product","link":"https:\/\/kral-medical.ro\/?product=unitate-ct-mobila","title":{"rendered":"RX Mobil &#8211; M1"},"content":{"rendered":"<p><img decoding=\"async\" class=\"product_top_image\" src=\"http:\/\/www.kral-medical.ro\/wp-content\/uploads\/2021\/04\/mini-robot-raze-x.jpg\" \/><\/p>\n<div class=\"product_title_over_image\"><span style=\"color: #333333;\">M1 RX-Mobil<br \/>\n<\/span><\/div>\n<div class=\"product_subtitle_over_image\"><span style=\"color: #333333;\">Unitate CT mobil\u0103<br \/>\n<\/span><\/div>\n<div class=\"product-content\">\n<h2 style=\"display: block;\"><span style=\"color: #333333;\">Prezentare general\u0103<\/span><\/h2>\n<h4 style=\"display: block;\"><span style=\"color: #ff9900;\">Cea mai mic\u0103 \u0219i supl\u0103 unitate CT mobil\u0103<br \/>\n<\/span><\/h4>\n<p>M1 este cea mai mic\u0103 \u0219i supl\u0103 unitate CT mobil\u0103 ce ofer\u0103 imagini clare la o calitate superioar\u0103.<\/p>\n<p>Prin reducerea greut\u0103\u021bii cu sute de kilograme, Solutions for tomorrow a dezvoltat o unitate CT u\u0219oar\u0103 \u0219i mobil\u0103 care permite o mobilitate superioar\u0103 f\u0103r\u0103 a afecta performan\u021ba sau func\u021bia acesteia. Designul brevetat permite o vizualizare clar\u0103 \u00een fa\u021b\u0103 \u0219i permite transportul u\u0219or \u0219i sigur al unit\u0103\u021bii CT mobile \u0219i face M1 ideal pentru manevrarea \u00een spa\u021bii limitate \u0219i aglomerate.<\/p>\n<p><span class=\"VIiyi\" lang=\"ro\"><span class=\"JLqJ4b ChMk0b\" data-language-for-alternatives=\"ro\" data-language-to-translate-into=\"en\" data-phrase-index=\"0\">Tehnologia bateriei X-tech cellTM asigur\u0103 cel mai scurt timp de expunere \u0219i, prin urmare, imagini clare nu numai la \u00eenc\u0103rcarea complet\u0103 a bateriei, ci \u0219i la un nivel sc\u0103zut de \u00eenc\u0103rcare a bateriei &#8211; spre deosebire de alte unit\u0103\u021bi CT mobile.<\/span><\/span><\/p>\n<hr \/>\n<h2 style=\"display: block;\">Func\u021bii<\/h2>\n<ul class=\"product-ul\">\n<li class=\"heading\"><span style=\"color: #ff9900;\">Calitate excep\u021bional\u0103 a imaginilor<br \/>\n<\/span><\/li>\n<li>Sistemul de detectare \u0219i software-ul de achizi\u021bie a imaginilor \u00eencorporeaz\u0103 cele mai noi tehnologii, oferind unit\u0103\u021bii mobile de raze X o calitate superioar\u0103 a imaginii.<\/li>\n<li class=\"heading\"><span style=\"color: #ff9900;\">Proiectat de copii pentru copii<br \/>\n<\/span><\/li>\n<li>Versiunea unit\u0103\u021bii CT mobile pentru copii a fost proiectat\u0103 chiar de copiii de la o gr\u0103dini\u021b\u0103 local\u0103. Aspectul \u0219i sunetele echipamentelor de asisten\u021b\u0103 medical\u0103 pot fi \u00eenfrico\u0219\u0103toare pentru copii, prin urmare este o practic\u0103 obi\u0219nuit\u0103 s\u0103 se utilizeze un design adecvat pentru copii, pentru a-i consola \u0219i calma.<\/li>\n<li class=\"heading\"><span style=\"color: #ff9900;\">U\u0219or de cur\u0103\u021bat<br \/>\n<\/span><\/li>\n<li>Designul elegant nu este doar pl\u0103cut ochilor, ci simplific\u0103 \u0219i procesul de cur\u0103\u021bare cu un minim de col\u021buri ascu\u021bite, trape sau capace &#8211; locuri unde se pot acumula murd\u0103rie \u0219i praf. Un proces u\u0219or de cur\u0103\u021bare este esen\u021bial \u00een mediul spitalicesc, deoarece acest lucru reduce riscul de r\u0103sp\u00e2ndire a infec\u021biilor.<\/li>\n<li class=\"heading\"><span style=\"color: #ff9900;\">Rapid \u0219i eficient<br \/>\n<\/span><\/li>\n<li>Bateriile sunt complet \u00eenc\u0103rcate de p\u00e2n\u0103 la opt ori mai repede fa\u021b\u0103 de dispozitivele existente pe pia\u021b\u0103 iar o \u00eenc\u0103rcare de zece minute va oferi suficient\u0103 putere pentru a continua, f\u0103r\u0103 limit\u0103ri, minim pentru o or\u0103. Unitatea mobil\u0103 de raze X func\u021bioneaz\u0103 24\/7.<\/li>\n<\/ul>\n<p>&nbsp;<\/p>\n<\/div>\n","protected":false},"excerpt":{"rendered":"<p>M1 RX-Mobil Unitate CT mobil\u0103 Prezentare general\u0103 Cea mai mic\u0103 \u0219i supl\u0103 unitate CT mobil\u0103 M1 este cea mai mic\u0103 \u0219i supl\u0103 unitate CT mobil\u0103 ce ofer\u0103 imagini clare la o calitate superioar\u0103. Prin reducerea greut\u0103\u021bii cu sute de kilograme, Solutions for tomorrow a dezvoltat o unitate CT u\u0219oar\u0103 \u0219i mobil\u0103 care permite o mobilitate &#8230; <a title=\"RX Mobil &#8211; M1\" class=\"read-more\" href=\"https:\/\/kral-medical.ro\/?product=unitate-ct-mobila\" aria-label=\"Cite\u0219te mai multe despre RX Mobil &#8211; M1\">Cite\u0219te mai mult<\/a><\/p>\n","protected":false},"featured_media":7308,"template":"","meta":[],"pwb-brand":[],"product_brand":[],"product_cat":[176],"product_tag":[],"class_list":{"0":"post-7306","1":"product","2":"type-product","3":"status-publish","4":"has-post-thumbnail","6":"product_cat-rx-mobil","8":"first","9":"instock","10":"shipping-taxable","11":"product-type-simple"},"brands":[],"_links":{"self":[{"href":"https:\/\/kral-medical.ro\/index.php?rest_route=\/wp\/v2\/product\/7306","targetHints":{"allow":["GET"]}}],"collection":[{"href":"https:\/\/kral-medical.ro\/index.php?rest_route=\/wp\/v2\/product"}],"about":[{"href":"https:\/\/kral-medical.ro\/index.php?rest_route=\/wp\/v2\/types\/product"}],"version-history":[{"count":1,"href":"https:\/\/kral-medical.ro\/index.php?rest_route=\/wp\/v2\/product\/7306\/revisions"}],"predecessor-version":[{"id":7619,"href":"https:\/\/kral-medical.ro\/index.php?rest_route=\/wp\/v2\/product\/7306\/revisions\/7619"}],"wp:featuredmedia":[{"embeddable":true,"href":"https:\/\/kral-medical.ro\/index.php?rest_route=\/wp\/v2\/media\/7308"}],"wp:attachment":[{"href":"https:\/\/kral-medical.ro\/index.php?rest_route=%2Fwp%2Fv2%2Fmedia&parent=7306"}],"wp:term":[{"taxonomy":"pwb-brand","embeddable":true,"href":"https:\/\/kral-medical.ro\/index.php?rest_route=%2Fwp%2Fv2%2Fpwb-brand&post=7306"},{"taxonomy":"product_brand","embeddable":true,"href":"https:\/\/kral-medical.ro\/index.php?rest_route=%2Fwp%2Fv2%2Fproduct_brand&post=7306"},{"taxonomy":"product_cat","embeddable":true,"href":"https:\/\/kral-medical.ro\/index.php?rest_route=%2Fwp%2Fv2%2Fproduct_cat&post=7306"},{"taxonomy":"product_tag","embeddable":true,"href":"https:\/\/kral-medical.ro\/index.php?rest_route=%2Fwp%2Fv2%2Fproduct_tag&post=7306"}],"curies":[{"name":"wp","href":"https:\/\/api.w.org\/{rel}","templated":true}]}}