{"id":7676,"date":"2021-03-10T14:55:36","date_gmt":"2021-03-10T14:55:36","guid":{"rendered":"http:\/\/kral-medical.ro\/?post_type=product&#038;p=7676"},"modified":"2021-04-07T12:23:47","modified_gmt":"2021-04-07T12:23:47","slug":"truelink-4","status":"publish","type":"product","link":"https:\/\/kral-medical.ro\/?product=truelink-4","title":{"rendered":"Truelink 4"},"content":{"rendered":"<p><img decoding=\"async\" class=\"product_top_image\" src=\"https:\/\/kral-medical.ro\/wp-content\/uploads\/2021\/04\/truelink.jpg\" \/><\/p>\n<div class=\"product_title_over_image\"><span style=\"color: #ffffff;\">Truelink 4<br \/>\n<\/span><\/div>\n<div class=\"product_subtitle_over_image\"><span style=\"color: #333333;\">\u00a0<\/span><\/div>\n<div class=\"product-content\">\n<h2 style=\"display: block;\"><span style=\"color: #333333;\">Prezentare general\u0103<\/span><\/h2>\n<h4 style=\"display: block;\"><span style=\"color: #ff9900;\">Sistem de video-management &#8211; integrarea sistemelor IT \u00een sala de opera\u021bie<br \/>\n<\/span><\/h4>\n<p>Videomed introduce un nou standard al sistemelor integrate de video-management revolu\u021bion\u00e2nd domeniul de telemedicin\u0103 \u0219i digitalizare a s\u0103lilor de opera\u021bie, prin intermediul celui mai compact \u0219i puternic sistem integrat de video-management. Truelink 4 combin\u0103 solu\u021bii avansate de gestionare video \u00een sala de opera\u021bie cu caracteristici inovatoare pentru a \u00eembun\u0103t\u0103\u021bi ergonomia echipei chirugicale \u0219i siguran\u021ba pacientului.<\/p>\n<hr \/>\n<h2 style=\"display: block;\">Func\u021bii<\/h2>\n<ul class=\"product-ul\">\n<li class=\"heading\"><span style=\"color: #ff9900;\">Func\u021bii inteligente<br \/>\n<\/span><\/li>\n<li>P\u00e2n\u0103 la 25&#215;25 canale video, \u00cenregistrare dubl\u0103, 4 canale pentru Streaming \u0219i Conferin\u021b\u0103.<\/li>\n<li>Func\u021bii de direc\u021bionare video ce permit gestionarea imaginilor provenite din diferite surse ale s\u0103lii de opera\u021bie<\/li>\n<li>Videoconferin\u021be bidirec\u021bionale (audio-video)<\/li>\n<li>Transmiterea live din sala de opera\u021bie \u00een alte\u00a0 loca\u021bii externe<\/li>\n<li class=\"heading\"><span style=\"color: #ff9900;\">Compact<\/span><\/li>\n<li>Dimensiune potrivit\u0103 pentru sala de opera\u021bie cu instalarea a 3 p\u00e2n\u0103 la 5 unit\u0103\u021bi una peste alta<\/li>\n<li class=\"heading\"><span style=\"color: #ff9900;\">Intuitiv<\/span><\/li>\n<li>Interfa\u021b\u0103 nou\u0103, color, cu func\u021bie Touch sau Touchless<\/li>\n<\/ul>\n<\/div>\n","protected":false},"excerpt":{"rendered":"<p>Truelink 4 \u00a0 Prezentare general\u0103 Sistem de video-management &#8211; integrarea sistemelor IT \u00een sala de opera\u021bie Videomed introduce un nou standard al sistemelor integrate de video-management revolu\u021bion\u00e2nd domeniul de telemedicin\u0103 \u0219i digitalizare a s\u0103lilor de opera\u021bie, prin intermediul celui mai compact \u0219i puternic sistem integrat de video-management. Truelink 4 combin\u0103 solu\u021bii avansate de gestionare video &#8230; <a title=\"Truelink 4\" class=\"read-more\" href=\"https:\/\/kral-medical.ro\/?product=truelink-4\" aria-label=\"Cite\u0219te mai multe despre Truelink 4\">Cite\u0219te mai mult<\/a><\/p>\n","protected":false},"featured_media":7679,"template":"","meta":[],"pwb-brand":[179],"product_brand":[],"product_cat":[178],"product_tag":[],"class_list":{"0":"post-7676","1":"product","2":"type-product","3":"status-publish","4":"has-post-thumbnail","6":"pwb-brand-videomed","7":"product_cat-video-management","9":"first","10":"instock","11":"shipping-taxable","12":"product-type-simple"},"brands":[{"id":179,"name":"Videomed","slug":"videomed"}],"_links":{"self":[{"href":"https:\/\/kral-medical.ro\/index.php?rest_route=\/wp\/v2\/product\/7676","targetHints":{"allow":["GET"]}}],"collection":[{"href":"https:\/\/kral-medical.ro\/index.php?rest_route=\/wp\/v2\/product"}],"about":[{"href":"https:\/\/kral-medical.ro\/index.php?rest_route=\/wp\/v2\/types\/product"}],"version-history":[{"count":1,"href":"https:\/\/kral-medical.ro\/index.php?rest_route=\/wp\/v2\/product\/7676\/revisions"}],"predecessor-version":[{"id":10555,"href":"https:\/\/kral-medical.ro\/index.php?rest_route=\/wp\/v2\/product\/7676\/revisions\/10555"}],"wp:featuredmedia":[{"embeddable":true,"href":"https:\/\/kral-medical.ro\/index.php?rest_route=\/wp\/v2\/media\/7679"}],"wp:attachment":[{"href":"https:\/\/kral-medical.ro\/index.php?rest_route=%2Fwp%2Fv2%2Fmedia&parent=7676"}],"wp:term":[{"taxonomy":"pwb-brand","embeddable":true,"href":"https:\/\/kral-medical.ro\/index.php?rest_route=%2Fwp%2Fv2%2Fpwb-brand&post=7676"},{"taxonomy":"product_brand","embeddable":true,"href":"https:\/\/kral-medical.ro\/index.php?rest_route=%2Fwp%2Fv2%2Fproduct_brand&post=7676"},{"taxonomy":"product_cat","embeddable":true,"href":"https:\/\/kral-medical.ro\/index.php?rest_route=%2Fwp%2Fv2%2Fproduct_cat&post=7676"},{"taxonomy":"product_tag","embeddable":true,"href":"https:\/\/kral-medical.ro\/index.php?rest_route=%2Fwp%2Fv2%2Fproduct_tag&post=7676"}],"curies":[{"name":"wp","href":"https:\/\/api.w.org\/{rel}","templated":true}]}}