{"id":810,"date":"2017-11-13T11:37:16","date_gmt":"2017-11-13T11:37:16","guid":{"rendered":"http:\/\/kral-medical.ro\/?post_type=product&#038;p=810"},"modified":"2021-02-05T15:19:28","modified_gmt":"2021-02-05T15:19:28","slug":"iled-7","status":"publish","type":"product","link":"https:\/\/kral-medical.ro\/?product=iled-7","title":{"rendered":"iLED 7"},"content":{"rendered":"<p><img decoding=\"async\" class=\"product_top_image\" src=\"http:\/\/www.kral-medical.ro\/wp-content\/uploads\/2020\/07\/iLed-7_produs.png\" \/><\/p>\n<div class=\"product_title_over_image\"><span style=\"color: #333333;\">Lamp\u0103 de opera\u021bie iLED\u00a07<\/span><\/div>\n<p class=\"product_subtitle_over_image\"><span style=\"color: #333333;\">Tehnologie de ultim\u0103 genera\u021bie cu sistem inteligent de asisten\u021b\u0103<\/span><\/p>\n<div class=\"product-content\">\n<h2 style=\"display: block;\"><span style=\"color: #333333;\">Prezentare general\u0103<\/span><\/h2>\n<h4 style=\"display: block;\"><span style=\"color: #ff9900;\">iLED 7 cu sistem inteligent de asisten\u021b\u0103 pentru Iluminare activ\u0103 \u0219i Managementul umbrelor<\/span><\/h4>\n<p>Lampa de opera\u021bie iLed 7 asigur\u0103 condi\u021bii de iluminare consisente, elimin\u00e2nd umbrele, chiar si atunci c\u00e2nd chirurgul lucreaz\u0103 direct sub lampa chirurgical\u0103.<\/p>\n<p>Sistemul identific\u0103 obstacolele existente \u00een c\u00e2mpul ilumin\u0103rii \u0219i activeaz\u0103 sau dezactiveaz\u0103, \u00een consecin\u021b\u0103, modulele individuale cu LEDuri. Ca urmare, c\u00e2mpul chirurgical este iluminat \u00een mod corespunzator, far\u0103 a fi necesar\u0103 reglarea manual\u0103, permi\u021b\u00e2nd chirurgului s\u0103 se concentre<span style=\"color: #333333;\">ze asupra pacientului \u0219i procedurii.<\/span><\/p>\n<hr \/>\n<h2 style=\"display: block;\">Func\u021bii<\/h2>\n<ul class=\"product-ul\">\n<li class=\"heading\"><span style=\"color: #ff9900;\">SmartShadow<\/span><\/li>\n<li>Asigur\u0103 o iluminare consecvent\u0103 elimin\u00e2nd umbrele nedorite<\/li>\n<li class=\"heading\"><span style=\"color: #ff9900;\">SmartIllumination<\/span><\/li>\n<li>Calitatea \u0219i luminozitatea r\u0103m\u00e2n consistente indiferent de distan\u021ba de lucru, temperatura de culoare \u0219i dimensiunea c\u00e2mpului de lumin\u0103<\/li>\n<li class=\"heading\"><span style=\"color: #ff9900;\">SmartFlexibility<\/span><\/li>\n<li>Conceptul modular permite instalarea m\u00e2nerelor de control standard, sterile sau de unic\u0103 folosin\u021b\u0103 \u0219i a camerelor video<\/li>\n<li class=\"heading\"><span style=\"color: #ff9900;\">SmartPattern<\/span><\/li>\n<li>Odat\u0103 ce chirurgul seteaz\u0103 dimensiunea c\u00e2mpului de lumin\u0103 (la 6&#8243;, 8&#8243; sau 10&#8243;), lampa va men\u021bine \u00een mod automat aceast\u0103 setare pe tot parcursul procedurii chirurgicale, indiferent de distan\u021ba de lucru<\/li>\n<li class=\"heading\"><span style=\"color: #ff9900;\">SmartControl<\/span><\/li>\n<li>Interfa\u021b\u0103 intuitiv\u0103 cu ecran tactil pentru reglarea luminii \u00eenainte sau \u00een timpul procedurii chirurgicale.<\/li>\n<li class=\"heading\"><span style=\"color: #ff9900;\">SmartDesign<\/span><\/li>\n<li><span class=\"tlid-translation translation\" lang=\"ro\"><span class=\"\" title=\"\">Design suplu \u0219i compact, ideal pentru sistemele de flux de aer conven\u021bionale sau laminare.<\/span> <span class=\"\" title=\"\">Marginile rotunjite \u0219i suprafe\u021bele netede o fac u\u0219or de cur\u0103\u021bat, iar materialele u\u0219oare sus\u021bin \u0219i simplific\u0103 pozi\u021bionarea.<\/span><\/span><\/li>\n<\/ul>\n<p>&nbsp;<\/p>\n<\/div>\n","protected":false},"excerpt":{"rendered":"<h2>Iluminare inteligenta<\/h2>\n<p>Tehnologia inovatoare este un factor cheie de luat in considerare la imbunatatirea mediului din blocul operator. Cu noua generatie de lampi chirurgicale cu LEDuri, Trumpf Medical stabileste, din nou, noi standarde: iLED 7 &#8211; lampa inteligenta cu LEDuri.<\/p>\n","protected":false},"featured_media":1301,"template":"","meta":[],"pwb-brand":[58],"product_brand":[],"product_cat":[67,69,125,87,127,123,111,96,92,84,76,71,89,74,88,90,46],"product_tag":[],"class_list":{"0":"post-810","1":"product","2":"type-product","3":"status-publish","4":"has-post-thumbnail","6":"pwb-brand-trumpf-medical","7":"product_cat-chirurgie-bariatrica","8":"product_cat-chirugie-generala","9":"product_cat-chirurgie-plastica-si-reparatorie","10":"product_cat-ginecologie-urologie","11":"product_cat-lampi-chirurgicale-chirurgie-plastica-si-reparatorie","12":"product_cat-lampi-chirurgicale-hybrid","13":"product_cat-lampi-chirurgicale-neurochirurgie","14":"product_cat-lampi-de-operatie-ortopedie","15":"product_cat-lampi-chirurgicale-ginecologie-urologie","16":"product_cat-lampa-de-operatie-chirurgie-bariatrica","17":"product_cat-lampi-operatie-orl-si-oftalmologie","18":"product_cat-lampa-de-operatie-chirugie-generala","19":"product_cat-neurochirurgie","20":"product_cat-orl-si-oftalmologie","21":"product_cat-ortopedie","22":"product_cat-hybrid","23":"product_cat-lampa-de-operatie","25":"first","26":"instock","27":"shipping-taxable","28":"product-type-simple"},"brands":[{"id":58,"name":"Trumpf Medical","slug":"trumpf-medical"}],"_links":{"self":[{"href":"https:\/\/kral-medical.ro\/index.php?rest_route=\/wp\/v2\/product\/810","targetHints":{"allow":["GET"]}}],"collection":[{"href":"https:\/\/kral-medical.ro\/index.php?rest_route=\/wp\/v2\/product"}],"about":[{"href":"https:\/\/kral-medical.ro\/index.php?rest_route=\/wp\/v2\/types\/product"}],"version-history":[{"count":1,"href":"https:\/\/kral-medical.ro\/index.php?rest_route=\/wp\/v2\/product\/810\/revisions"}],"predecessor-version":[{"id":813,"href":"https:\/\/kral-medical.ro\/index.php?rest_route=\/wp\/v2\/product\/810\/revisions\/813"}],"wp:featuredmedia":[{"embeddable":true,"href":"https:\/\/kral-medical.ro\/index.php?rest_route=\/wp\/v2\/media\/1301"}],"wp:attachment":[{"href":"https:\/\/kral-medical.ro\/index.php?rest_route=%2Fwp%2Fv2%2Fmedia&parent=810"}],"wp:term":[{"taxonomy":"pwb-brand","embeddable":true,"href":"https:\/\/kral-medical.ro\/index.php?rest_route=%2Fwp%2Fv2%2Fpwb-brand&post=810"},{"taxonomy":"product_brand","embeddable":true,"href":"https:\/\/kral-medical.ro\/index.php?rest_route=%2Fwp%2Fv2%2Fproduct_brand&post=810"},{"taxonomy":"product_cat","embeddable":true,"href":"https:\/\/kral-medical.ro\/index.php?rest_route=%2Fwp%2Fv2%2Fproduct_cat&post=810"},{"taxonomy":"product_tag","embeddable":true,"href":"https:\/\/kral-medical.ro\/index.php?rest_route=%2Fwp%2Fv2%2Fproduct_tag&post=810"}],"curies":[{"name":"wp","href":"https:\/\/api.w.org\/{rel}","templated":true}]}}