{"id":821,"date":"2017-11-13T12:21:48","date_gmt":"2017-11-13T12:21:48","guid":{"rendered":"http:\/\/kral-medical.ro\/?post_type=product&#038;p=821"},"modified":"2021-05-13T11:20:27","modified_gmt":"2021-05-13T11:20:27","slug":"lampa-trulight-5000","status":"publish","type":"product","link":"https:\/\/kral-medical.ro\/?product=lampa-trulight-5000","title":{"rendered":"Lampa TruLight 5000"},"content":{"rendered":"<p><img decoding=\"async\" class=\"product_top_image\" src=\"http:\/\/www.kral-medical.ro\/wp-content\/uploads\/2020\/07\/Trulight-5000.png\" \/><\/p>\n<div class=\"product_title_over_image\"><span style=\"color: #333333;\">Lamp\u0103 de opera\u021bie TruLight 5000<\/span><\/div>\n<p class=\"product_subtitle_over_image\"><span style=\"color: #333333;\">Iluminare pentru toate aplica\u021biile medicale<\/span><\/p>\n<div class=\"product-content\">\n<h2 style=\"display: block;\"><span style=\"color: #333333;\">Prezentare general\u0103<\/span><\/h2>\n<h4 style=\"display: block;\"><span style=\"color: #ff9900;\">Iluminare inteligent\u0103 \u0219i versatil\u0103<\/span><\/li\n<\/span><\/h4>\n<p>Lampa de opera\u021bie TruLight\u2122 5000 face lumina u\u0219or de operat \u0219i ofer\u0103 flexibilitate precum \u0219i multiple op\u021biuni viitoare pentru spitalul dumneavoastr\u0103. Reglarea automat\u0103 a nivelului de iluminare la distan\u021be tipice de lucru, temperatura de culoare reglabil\u0103 \u0219i posibilitatea integr\u0103rii camerei fac ca aceast\u0103 lumin\u0103 s\u0103 fie suficient de versatil\u0103 pentru orice aplica\u021bie chirurgical\u0103.<\/p>\n<p>Optica sistemului de lumin\u0103 chirurgical\u0103 TruLight\u2122 5000 se bazeaz\u0103 pe cea mai precis\u0103 cercetare \u0219i experien\u021b\u0103 pe termen lung. Rezultatul este o matrice multi-lentil\u0103 LED de \u00eenalt\u0103 calitate. Geometria sa special\u0103 a obiectivului \u0219i dispunerea elementelor cu LED-uri au ca rezultat o calitate excelent\u0103 a luminii \u0219i o eficien\u021b\u0103 maxim\u0103.<\/span><\/p>\n<hr \/>\n<h2 style=\"display: block;\">Func\u021bii<\/h2>\n<ul class=\"product-ul\">\n<li class=\"heading\"><span style=\"color: #ff9900;\">Complet reglabil\u0103<\/span><\/li>\n<li>Caracteristica de reglare a temperaturii culorii asigur\u0103 un contrast optim \u0219i o iluminare ideal\u0103 a tuturor zonelor de \u021besut. Designul optic inovator \u0219i capacitatea de a regla diametrul c\u00e2mpului luminos asigur\u0103 o iluminare continu\u0103 a locului chirurgical. <\/li>\n<li class=\"heading\"><span style=\"color: #ff9900;\">Controlul steril al luminii (SLC) <\/span><\/li>\n<li>Conceptul de func\u021bionare steril al luminii prin senzorii capacitivi din m\u00e2nerul SLC permite echipei chirurgicale s\u0103 aib\u0103 acces u\u0219or la func\u021biile primare.<\/li>\n<li class=\"heading\"><span style=\"color: #ff9900;\">Iluminare optim\u0103 cu eficien\u021b\u0103 maxim\u0103<\/span><\/li>\n<li>Dispunerea bidimensional\u0103 a LED-urilor \u0219i a obiectivelor de convergen\u021b\u0103 optimizeaz\u0103 puterea de lumin\u0103 printr-un management precis al matricelor de lumin\u0103 \u0219i un consum redus de energie. <\/li>\n<li class=\"heading\"><span style=\"color: #ff9900;\">Iluminare adaptativ\u0103 (ALC Plus)<\/span><\/li>\n<li>Func\u021bia de focalizare automat\u0103 permite iluminarea optim\u0103 a locului chirurgical: dac\u0103 lumina este mi\u0219cat\u0103, detectorul de mi\u0219care integrat m\u0103soar\u0103 automat distan\u021ba de la locul respectiv \u0219i regleaz\u0103 nivelul de iluminare \u00een consecin\u021b\u0103.<\/li>\n<li class=\"heading\"><span style=\"color: #ff9900;\">Prietenoas\u0103 cu mediul<\/span><\/li>\n<li>Sistemul de iluminare cu LED eficient \u0219i durabil minimizeaz\u0103 consumul de energie, f\u0103r\u0103 a necesita substan\u021be chimice d\u0103un\u0103toare, cum ar fi mercurul.<\/li>\n<\/ul>\n<p>&nbsp;<\/p>\n<\/div>\n","protected":false},"excerpt":{"rendered":"<h2>Viitorul cere versatilitate<\/h2>\n<p>Stabilirea unor noi standarde cu solutii inovative este motorul de ghidare a companiei Trumpf Medical. Cea mai recenta generatie de lampi de operatie, TruLight 5000, este un rezultat al acestei abordari. Combinatia unica de adaptabilitate si eficienta va permite utilizarea usoara si va ofera siguranta unei investitii de care aveti nevoie pe viitor in spitalul dumneavoastra.<\/p>\n","protected":false},"featured_media":1300,"template":"","meta":[],"pwb-brand":[58],"product_brand":[],"product_cat":[67,46],"product_tag":[],"class_list":{"0":"post-821","1":"product","2":"type-product","3":"status-publish","4":"has-post-thumbnail","6":"pwb-brand-trumpf-medical","7":"product_cat-chirurgie-bariatrica","8":"product_cat-lampa-de-operatie","10":"first","11":"instock","12":"shipping-taxable","13":"product-type-simple"},"brands":[{"id":58,"name":"Trumpf Medical","slug":"trumpf-medical"}],"_links":{"self":[{"href":"https:\/\/kral-medical.ro\/index.php?rest_route=\/wp\/v2\/product\/821","targetHints":{"allow":["GET"]}}],"collection":[{"href":"https:\/\/kral-medical.ro\/index.php?rest_route=\/wp\/v2\/product"}],"about":[{"href":"https:\/\/kral-medical.ro\/index.php?rest_route=\/wp\/v2\/types\/product"}],"version-history":[{"count":1,"href":"https:\/\/kral-medical.ro\/index.php?rest_route=\/wp\/v2\/product\/821\/revisions"}],"predecessor-version":[{"id":1584,"href":"https:\/\/kral-medical.ro\/index.php?rest_route=\/wp\/v2\/product\/821\/revisions\/1584"}],"wp:featuredmedia":[{"embeddable":true,"href":"https:\/\/kral-medical.ro\/index.php?rest_route=\/wp\/v2\/media\/1300"}],"wp:attachment":[{"href":"https:\/\/kral-medical.ro\/index.php?rest_route=%2Fwp%2Fv2%2Fmedia&parent=821"}],"wp:term":[{"taxonomy":"pwb-brand","embeddable":true,"href":"https:\/\/kral-medical.ro\/index.php?rest_route=%2Fwp%2Fv2%2Fpwb-brand&post=821"},{"taxonomy":"product_brand","embeddable":true,"href":"https:\/\/kral-medical.ro\/index.php?rest_route=%2Fwp%2Fv2%2Fproduct_brand&post=821"},{"taxonomy":"product_cat","embeddable":true,"href":"https:\/\/kral-medical.ro\/index.php?rest_route=%2Fwp%2Fv2%2Fproduct_cat&post=821"},{"taxonomy":"product_tag","embeddable":true,"href":"https:\/\/kral-medical.ro\/index.php?rest_route=%2Fwp%2Fv2%2Fproduct_tag&post=821"}],"curies":[{"name":"wp","href":"https:\/\/api.w.org\/{rel}","templated":true}]}}